{"id":510,"date":"2017-12-06T11:03:00","date_gmt":"2017-12-06T13:03:00","guid":{"rendered":"http:\/\/www.grupomodulo.com.br\/novo\/?page_id=510"},"modified":"2022-07-07T16:59:50","modified_gmt":"2022-07-07T19:59:50","slug":"fale-conosco","status":"publish","type":"page","link":"http:\/\/www.grupomodulo.com.br\/novo\/fale-conosco\/","title":{"rendered":""},"content":{"rendered":"<h1 class=\"font-36 weight-bold montserrat uppercase white-color mb-20\">Fale Conosco<\/h1>\n<h2>Contato<\/h2>\n<p>Loja: *<br \/>\nVit\u00f3ria da Conquista &#8211; Gerente: Lanier Cardenas<br \/>\nBarra do Cho\u00e7a &#8211; Gerente: Vicente Gomes<br \/>\nItabuna &#8211; Supervisora de Vendas: Maria Silva de Jesus<br \/>\nEun\u00e1polis &#8211; Gerente: Vanessa Piccinin<br \/>\nFeira de Santana &#8211; Gerente: Marcelo Le\u00e3o<br \/>\nMata Verde &#8211; Gerente: Renan Nunes<br \/>\nChapada &#8211; Gerente: Jo\u00e3o Filho<br \/>\nM\u00f3dulo El\u00e9trica &#8211; Gerente \u2013 Juliano Andrade<br \/>\nM\u00f3dulo Tratores &#8211; Vit\u00f3ria da Conquista &#8211; Gerente: Frederico Mendes<br \/>\nM\u00f3dulo Tratores \u2013 Feira de Santana &#8211; Gerente: Lindomar Campos Tamburi<br \/>\nNome *<br \/>\nEmail *<br \/>\nAssunto *<br \/>\nMensagem *<\/p>\n<p><!-- 748b7251e19f53021b283b90bc0d8272 --><\/p>\n","protected":false},"excerpt":{"rendered":"<p>Fale Conosco Contato Loja: * Vit\u00f3ria da Conquista &#8211; Gerente: Lanier Cardenas Barra do Cho\u00e7a &#8211; Gerente: Vicente Gomes Itabuna &#8211; Supervisora de Vendas: Maria Silva de Jesus Eun\u00e1polis &#8211; Gerente: Vanessa Piccinin Feira de Santana &#8211; Gerente: Marcelo Le\u00e3o Mata Verde &#8211; Gerente: Renan Nunes Chapada &#8211; Gerente: Jo\u00e3o Filho M\u00f3dulo El\u00e9trica &#8211; Gerente<a class=\"read-btn hvr-right more-link\" href=\"http:\/\/www.grupomodulo.com.br\/novo\/fale-conosco\/\">Leia Mais<\/a><\/p>\n","protected":false},"author":1,"featured_media":0,"parent":0,"menu_order":0,"comment_status":"closed","ping_status":"closed","template":"","meta":{"footnotes":""},"class_list":["post-510","page","type-page","status-publish","hentry"],"_links":{"self":[{"href":"http:\/\/www.grupomodulo.com.br\/novo\/wp-json\/wp\/v2\/pages\/510","targetHints":{"allow":["GET"]}}],"collection":[{"href":"http:\/\/www.grupomodulo.com.br\/novo\/wp-json\/wp\/v2\/pages"}],"about":[{"href":"http:\/\/www.grupomodulo.com.br\/novo\/wp-json\/wp\/v2\/types\/page"}],"author":[{"embeddable":true,"href":"http:\/\/www.grupomodulo.com.br\/novo\/wp-json\/wp\/v2\/users\/1"}],"replies":[{"embeddable":true,"href":"http:\/\/www.grupomodulo.com.br\/novo\/wp-json\/wp\/v2\/comments?post=510"}],"version-history":[{"count":7,"href":"http:\/\/www.grupomodulo.com.br\/novo\/wp-json\/wp\/v2\/pages\/510\/revisions"}],"predecessor-version":[{"id":1271,"href":"http:\/\/www.grupomodulo.com.br\/novo\/wp-json\/wp\/v2\/pages\/510\/revisions\/1271"}],"wp:attachment":[{"href":"http:\/\/www.grupomodulo.com.br\/novo\/wp-json\/wp\/v2\/media?parent=510"}],"curies":[{"name":"wp","href":"https:\/\/api.w.org\/{rel}","templated":true}]}}