{"id":1284,"date":"2022-07-14T17:12:24","date_gmt":"2022-07-14T20:12:24","guid":{"rendered":"https:\/\/www.grupomodulo.com.br\/novo\/?page_id=1284"},"modified":"2022-07-14T17:12:25","modified_gmt":"2022-07-14T20:12:25","slug":"politica-de-privacidade","status":"publish","type":"page","link":"https:\/\/www.grupomodulo.com.br\/novo\/politica-de-privacidade\/","title":{"rendered":"Pol\u00edtica de privacidade"},"content":{"rendered":"\n<p>POL\u00cdTICA DE PRIVACIDADE<br>Os Valores estabelecidos para o GRUPO M\u00d3DULO, quais sejam, COMPROMISSO \u2013 RESPEITO \u2013 INOVA\u00c7\u00c3O \u2013 JUSTI\u00c7A \u2013 SERIEDADE \u2013 VERDADE &#8211; CORAGEM, nos convidam ao exerc\u00edcio permanente de a\u00e7\u00f5es que se traduzam em prote\u00e7\u00e3o e transpar\u00eancia das rela\u00e7\u00f5es estabelecidas nas atividades empresariais. Por esta raz\u00e3o estamos atentos \u00e0 necessidade de conformidade (compliance) de suas pr\u00e1ticas empresariais \u00e0 legisla\u00e7\u00e3o aplic\u00e1vel, em especial no desenvolvimento e prote\u00e7\u00e3o de sua rela\u00e7\u00e3o com colaboradores, clientes e fornecedores e \u00e0 privacidade das pessoas naturais envolvidas nestes processos. Por este motivo, ao acessar o site www.grupomodulo.com.br nos comprometemos em atender aos regulamentos nacionais de prote\u00e7\u00e3o de dados, inclusive e especialmente a Lei n\u00ba 13.709\/2018 (Lei Geral de Prote\u00e7\u00e3o de Dados \u2013 doravante tratada apenas como LGPD).<br>Ao acessar este site e interagir com ele, certos dados pessoais podem vir a ser coletados por conta da utiliza\u00e7\u00e3o normal, pelos usu\u00e1rios, de protocolos de comunica\u00e7\u00e3o da Internet. Essas informa\u00e7\u00f5es podem incluir endere\u00e7os de IP ou nomes de dom\u00ednio dos computadores usados por quem navega no Site, e s\u00e3o adquiridas somente para fins de estat\u00edsticas an\u00f4nimas sobre o uso, como forma de melhoria cont\u00ednua do acesso e conte\u00fado do Site. Tais informa\u00e7\u00f5es s\u00e3o exclu\u00eddas ap\u00f3s o processamento e podem ser usadas para determinar responsabilidades em caso de crimes cibern\u00e9ticos. Alguns dados s\u00e3o oferecidos diretamente pelo usu\u00e1rio.<\/p>\n\n\n\n<ol class=\"wp-block-list\"><li>DADOS QUE COLETAMOS E O MOTIVO<br>Este site coleta, utiliza e transfere alguns dados pessoais dos usu\u00e1rios, de acordo com o disposto nesta se\u00e7\u00e3o.<br>1.1. Dados pessoais fornecidos expressamente pelos usu\u00e1rios<br>N\u00f3s coletamos os seguintes dados pessoais que nossos usu\u00e1rios nos fornecem volunt\u00e1ria e expressamente ao utilizar nosso site:<br>\u2022 Nome completo<br>\u2022 E-mail<br>A coleta desses dados ocorre nos seguintes momentos:<br>\u2022 Quando preenche um formul\u00e1rio de contato<br>Os dados fornecidos por nossos usu\u00e1rios s\u00e3o coletados com as seguintes finalidades:<br>\u2022 Atender \u00e0s solicita\u00e7\u00f5es de clientes, quanto a produtos, servi\u00e7os, ofertas, or\u00e7amentos, estabelecendo um relacionamento comercial.<br>Os usu\u00e1rios est\u00e3o cientes de que ao interagirem com o site e encaminharem e-mail atrav\u00e9s dele, receber\u00e3o mensagem de e-mail em retorno por conta corporativa @grupomodulo.com.br, al\u00e9m de conte\u00fado publicit\u00e1rio e a\u00e7\u00f5es de marketing publicadas pelas lojas que comp\u00f5e GRUPO M\u00d3DULO. Caso o usu\u00e1rio n\u00e3o tenha interesse na manuten\u00e7\u00e3o de recebimento de tais correspond\u00eancias, a ele \u00e9 assegurado o direito de revoga\u00e7\u00e3o do consentimento, quando houver, ou oposi\u00e7\u00e3o, conforme a situa\u00e7\u00e3o espec\u00edfica, nos termos da LGPD.<br>1.2. Dados sens\u00edveis<br>N\u00e3o ser\u00e3o coletados dados sens\u00edveis de nossos usu\u00e1rios, assim entendidos aqueles definidos nos arts. 11 e seguintes da LGPD.<br>1.3. Cookies<br>Cookies s\u00e3o pequenos arquivos de texto baixados automaticamente em seu dispositivo quando voc\u00ea acessa e navega por um site. Eles servem, basicamente, para que seja poss\u00edvel identificar dispositivos, atividades e prefer\u00eancias de usu\u00e1rios. Os cookies n\u00e3o permitem que qualquer arquivo ou informa\u00e7\u00e3o seja extra\u00eddo do disco r\u00edgido do usu\u00e1rio, n\u00e3o sendo poss\u00edvel, ainda, que, por meio deles, se tenha acesso a informa\u00e7\u00f5es pessoais que n\u00e3o tenham<br>partido do usu\u00e1rio ou da forma como utiliza os recursos do site.<br>a. Cookies do site<br>Os cookies do site s\u00e3o aqueles enviados ao computador ou dispositivo do usu\u00e1rio e administrador exclusivamente pelo site. As informa\u00e7\u00f5es coletadas por meio desses cookies s\u00e3o utilizadas para melhorar e personalizar a experi\u00eancia do usu\u00e1rio, sendo que alguns cookies podem, por exemplo, ser utilizados para lembrar as prefer\u00eancias e escolhas do usu\u00e1rio, bem como para o oferecimento de conte\u00fado personalizado.<br>N\u00e3o utilizamos Cookies de terceiros<br>b. Gest\u00e3o de cookies<br>O usu\u00e1rio poder\u00e1 se opor \u00e0 utiliza\u00e7\u00e3o de cookies pelo site, bastando que os desative quando come\u00e7a a utilizar o servi\u00e7o, seguindo as seguintes instru\u00e7\u00f5es:<br>A desativa\u00e7\u00e3o de todos os cookies, no entanto, n\u00e3o ser\u00e1 poss\u00edvel, uma vez que alguns deles s\u00e3o essenciais para que o site funcione corretamente.<br>Al\u00e9m disso, a desativa\u00e7\u00e3o dos cookies que podem ser desabilitados poder\u00e1 prejudicar a experi\u00eancia do usu\u00e1rio, uma vez que reduzir\u00e1 a velocidade do site.<\/li><li>COMPARTILHAMENTO DE DADOS PESSOAIS COM TERCEIROS<br>N\u00e3o compartilhamos ou comercializamos os dados pessoais mencionados nesta pol\u00edtica com terceiros, salvo em estrito cumprimento de alguma determina\u00e7\u00e3o legal ou regulat\u00f3ria, ou, ainda, para cumprir alguma ordem expedida por autoridade p\u00fablica.<br>Em qualquer caso, o compartilhamento de dados pessoais observar\u00e1 todas as leis e regras aplic\u00e1veis, buscando sempre garantir a seguran\u00e7a dos dados dos usu\u00e1rios, observados os padr\u00f5es t\u00e9cnicos empregados no mercado, garantindo o cumprimento aos princ\u00edpios da transpar\u00eancia e finalidade.<br>As informa\u00e7\u00f5es e dados disponibilizados no site podem ser compartilhados e comunicados para as empresas que comp\u00f5e o GRUPO M\u00d3DULO, prestadores de servi\u00e7o e parceiros comerciais, todos submetidos a obriga\u00e7\u00e3o contratual espec\u00edfica, ci\u00eancia e adequa\u00e7\u00e3o \u00e0 LGPD com fins a garantir o uso exclusivo da informa\u00e7\u00e3o para as finalidades e prop\u00f3sitos aqui listados.<\/li><li>POR QUANTO TEMPO OS DADOS PESSOAIS SER\u00c3O ARMAZENADOS?<br>Os dados pessoais coletados neste site s\u00e3o armazenados e utilizados pelo tempo necess\u00e1rio a atingir as finalidades descritas neste documento, considerando os direitos de seus titulares, os direitos do controlador dos produtos e servi\u00e7os e as disposi\u00e7\u00f5es legais ou regulat\u00f3rias aplic\u00e1veis, n\u00e3o superior a 12 (doze) meses.<br>Uma vez expirados os prazos aqui estabelecidos, os mesmos ser\u00e3o removidos das bases de dados do GRUPO M\u00d3DULO ou anonimizados, salvo por for\u00e7a de disposi\u00e7\u00e3o legal, regulat\u00f3ria ou exerc\u00edcio regular de direitos em processo judicial. 4. BASES LEGAIS PARA O TRATAMENTO DE DADOS PESSOAIS<br>Uma base legal para o tratamento de dados pessoais nada mais \u00e9 que um fundamento jur\u00eddico, previsto em lei, que a justifica. Assim, cada opera\u00e7\u00e3o de tratamento de dados pessoais precisa ter uma base legal a ela correspondente.<br>N\u00f3s tratamos os dados pessoais de nossos usu\u00e1rios nas seguintes hip\u00f3teses:<br>\u2022 para execu\u00e7\u00e3o de contratos ou, a pedido do titular dos dados pessoais, em fase preliminar;<br>\u2022 mediante o consentimento do titular dos dados pessoais;<br>\u2022 para o cumprimento de obriga\u00e7\u00e3o legal ou regulat\u00f3ria pelo controlador;<br>\u2022 quando necess\u00e1rio para atender aos interesses leg\u00edtimos do controlador ou de terceiros;<\/li><li>Execu\u00e7\u00e3o de contrato ou, a pedido do titular dos dados pessoais, em fase preliminar relacionada \u00e0 contrata\u00e7\u00e3o de servi\u00e7os e produtos comercializados pelo GRUPO M\u00d3DULO.<br>Atrav\u00e9s de intera\u00e7\u00f5es no site, as rela\u00e7\u00f5es comerciais estabelecidas podem vir a resultar em contratos c\u00edveis ou de consumo, a serem executados nos estritos termos da legisla\u00e7\u00e3o espec\u00edfica a cada mat\u00e9ria, e \u00e0 LGPD.<\/li><li>Consentimento<br>Determinadas opera\u00e7\u00f5es de tratamento de dados pessoais realizadas em nosso site depender\u00e3o da pr\u00e9via concord\u00e2ncia do usu\u00e1rio, que dever\u00e1 manifest\u00e1-la de forma livre, informada e inequ\u00edvoca.<br>O usu\u00e1rio poder\u00e1 revogar seu consentimento a qualquer momento, sendo que, n\u00e3o havendo hip\u00f3tese legal que permita ou que demande o seu armazenamento, os dados fornecidos mediante consentimento ser\u00e3o exclu\u00eddos.<br>Al\u00e9m disso, se desejar, o usu\u00e1rio poder\u00e1 n\u00e3o concordar com alguma opera\u00e7\u00e3o de tratamento de dados pessoais baseada no consentimento. Nesses casos, por\u00e9m, \u00e9 poss\u00edvel que n\u00e3o possa utilizar alguma funcionalidade do site que dependa daquela opera\u00e7\u00e3o. As consequ\u00eancias da falta de consentimento para uma atividade espec\u00edfica s\u00e3o informadas previamente ao tratamento.<\/li><li>Cumprimento de obriga\u00e7\u00e3o legal ou regulat\u00f3ria pelo controlador<br>Algumas opera\u00e7\u00f5es de tratamento de dados pessoais, sobretudo o armazenamento de dados, ser\u00e3o realizadas para que possamos cumprir obriga\u00e7\u00f5es previstas em lei ou em outras disposi\u00e7\u00f5es normativas aplic\u00e1veis \u00e0s nossas atividades.<\/li><li>Leg\u00edtimo interesse<br>Para determinadas opera\u00e7\u00f5es de tratamento de dados pessoais, nos baseamos exclusivamente em nosso interesse leg\u00edtimo. Para saber mais sobre em quais casos, especificamente, nos valemos dessa base legal ou para obter mais informa\u00e7\u00f5es sobre os testes que fazemos para termos certeza de que podemos utiliz\u00e1-la, entre em contato com nosso Encarregado de Prote\u00e7\u00e3o de Dados Pessoais por algum dos canais informados nesta Pol\u00edtica de Privacidade, na se\u00e7\u00e3o \u201cComo entrar em contato conosco\u201d.<\/li><li>DIREITOS DO USU\u00c1RIO<br>O usu\u00e1rio do site possui os seguintes direitos, conferidos pela Lei de Prote\u00e7\u00e3o de Dados Pessoais:<br>\u2022 confirma\u00e7\u00e3o da exist\u00eancia de tratamento;<br>\u2022 acesso aos dados;<br>\u2022 corre\u00e7\u00e3o de dados incompletos, inexatos ou desatualizados;<br>\u2022 anonimiza\u00e7\u00e3o, bloqueio ou elimina\u00e7\u00e3o de dados desnecess\u00e1rios, excessivos ou tratados em desconformidade com o disposto na lei;<br>\u2022 elimina\u00e7\u00e3o dos dados pessoais tratados com o consentimento do titular, exceto nos casos previstos em lei;<br>\u2022 revoga\u00e7\u00e3o do consentimento ou oposi\u00e7\u00e3o.<br>\u00c9 importante destacar que, nos termos da LGPD, n\u00e3o existe um direito de elimina\u00e7\u00e3o de dados tratados com fundamento em bases legais distintas do consentimento, a menos que os dados sejam desnecess\u00e1rios, excessivos ou tratados em desconformidade com o previsto na lei.<\/li><li>Como o titular pode exercer seus direitos<br>Para garantir que o usu\u00e1rio que pretende exercer seus direitos \u00e9, de fato, o titular dos dados pessoais objeto da requisi\u00e7\u00e3o, poderemos solicitar documentos ou outras informa\u00e7\u00f5es que possam auxiliar em sua correta identifica\u00e7\u00e3o, a fim de resguardar nossos direitos e os direitos de terceiros. Isso somente ser\u00e1 feito, por\u00e9m, se for absolutamente necess\u00e1rio e o requerente receber\u00e1 todas as informa\u00e7\u00f5es relacionadas.<\/li><li>MEDIDAS DE SEGURAN\u00c7A NO TRATAMENTO DE DADOS PESSOAIS<br>Empregamos medidas t\u00e9cnicas e organizativas aptas a proteger os dados pessoais de acessos n\u00e3o autorizados e de situa\u00e7\u00f5es de destrui\u00e7\u00e3o, perda, extravio ou altera\u00e7\u00e3o desses dados.<br>As medidas que utilizamos levam em considera\u00e7\u00e3o a natureza dos dados, o contexto e a finalidade do tratamento, os riscos que uma eventual viola\u00e7\u00e3o geraria para os direitos e liberdades do usu\u00e1rio e os padr\u00f5es atualmente empregados no mercado por empresas semelhantes \u00e0 nossa.<br>Entre as medidas de seguran\u00e7a adotadas por n\u00f3s, destacamos as seguintes:<br>\u2022 Os dados dos usu\u00e1rios s\u00e3o armazenados em ambiente seguro;<br>\u2022 O acesso aos dados dos usu\u00e1rios \u00e9 limitado, de modo que terceiros n\u00e3o autorizados n\u00e3o tenham acesso a eles. As pessoas cujo acesso \u00e9 autorizado est\u00e3o obrigadas aos deveres de confidencialidade e seguran\u00e7a.<br>A despeito das medidas de seguran\u00e7a adotadas, caso ocorra qualquer tipo de incidente que possa gerar risco ou dano relevante para qualquer um de nossos usu\u00e1rios, comunicaremos os afetados e a Autoridade Nacional de Prote\u00e7\u00e3o de Dados acerca do ocorrido, em conformidade com o disposto na Lei Geral de Prote\u00e7\u00e3o de Dados.<\/li><li>RECLAMA\u00c7\u00c3O A UMA AUTORIDADE DE CONTROLE<br>Sem preju\u00edzo de qualquer outra via de recurso administrativo ou judicial, os titulares de dados pessoais que se sentirem, de qualquer forma, lesados, podem apresentar reclama\u00e7\u00e3o \u00e0 Autoridade Nacional de Prote\u00e7\u00e3o de Dados.<\/li><li>ALTERA\u00c7\u00d5ES NESTA POL\u00cdTICA<br>A presente vers\u00e3o desta Pol\u00edtica de Privacidade foi atualizada pela \u00faltima vez em: 23\/06\/2022.<br>Nos reservamos o direito de modificar, a qualquer momento, as presentes normas, especialmente para adapt\u00e1-las \u00e0s eventuais altera\u00e7\u00f5es feitas em nosso site, seja pela disponibiliza\u00e7\u00e3o de novas funcionalidades, seja pela supress\u00e3o ou modifica\u00e7\u00e3o daquelas j\u00e1 existentes. Tais modifica\u00e7\u00f5es ser\u00e3o publicizadas no pr\u00f3prio site.<br>Sempre que houver uma modifica\u00e7\u00e3o com impacto significativo em seus direitos, nossos usu\u00e1rios ser\u00e3o notificados individualmente acerca da mudan\u00e7a.<\/li><li>EMPRESAS QUE COMP\u00d5E O GRUPO M\u00d3DULO<br>\u2022 M\u00d3DULO RURAL ITABUNA<br>Endere\u00e7o: Avenida Juca Le\u00e3o, 217, Centro, Itabuna \u2013 Bahia, CEP: 45.600-162.<br>CNPJ\/MF: 05.831.541\/0003-47<br>\u2022 MODULO RURAL EUN\u00c1POLIS<br>Endere\u00e7o: Avenida Porto Seguro, 111, Centro, Eun\u00e1polis \u2013 Bahia, CEP: 45820-970<br>CNPJ: 05.831.541\/0004-28<br>\u2022 M\u00d3DULO RURAL FEIRA DE SANTANA<br>Endere\u00e7o: Avenida Eduardo Froes da Mota, 111, Parque Get\u00falio Vargas, Feira de Santana \u2013 Bahia, CEP: 44.076-822.<br>CNPJ\/MF: 05.831.541\/0008-51<br>\u2022 M\u00d3DULO RURAL VIT\u00d3RIA DA CONQUISTA<br>Endere\u00e7o: Pra\u00e7a Vitor Brito, 15, Recreio, Vit\u00f3ria da Conquista \u2013 Bahia, CEP: 45.000-235.<br>CNPJ\/MF: 05.831.541\/0001-85<br>\u2022 M\u00d3DULO RURAL BARRA DO CHO\u00c7A<br>Endere\u00e7o: Avenida Get\u00falio Vargas, 79, Centro, Barra do Cho\u00e7a \u2013 Bahia, CEP: 45.120-000.<br>CNPJ\/MF: 05.831.541\/0002-66<br>\u2022 M\u00d3DULO RURAL MATA VERDE<br>Endere\u00e7o: Avenida Bahia, 450, Vila Bahia, Encruzilhada \u2013 Bahia, CEP: 45.150-000.<br>CNPJ\/MF: 05.831.541\/0014-08<br>\u2022 M\u00d3DULO RURAL CHAPADA<br>Endere\u00e7o: Rua Serraria do Norte, s\/n, Cascavel, Ibicoara \u2013 Bahia, CEP: 46.760-000.<br>CNPJ\/MF: 04.807.641\/0001-03<br>\u2022 M\u00d3DULO TRATORES VIT\u00d3RIA DA CONQUISTA<br>Endere\u00e7o: Av. Bartolomeu de Gusm\u00e3o, 311, Centro, Vit\u00f3ria da Conquista \u2013 Bahia, CEP: 44.023-000.<br>CNPJ\/MF: 07.817.107\/0001-76<br>\u2022 M\u00d3DULO TRATORES IREC\u00ca<br>Endere\u00e7o: Av. Bartolomeu de Gusm\u00e3o, 311, Centro, Vit\u00f3ria da Conquista \u2013 Bahia, CEP: 44.023-000.<br>CNPJ\/MF: 07.817.107\/0003-38<br>\u2022 M\u00d3DULO TRATORES FEIRA DE SANTANA<br>Endere\u00e7o: Avenida Presidente Dutra, 1745, Capuchinhos, Feira de Santana, CEP: 44.076-130.<br>CNPJ\/MF: 07.817.107\/0002-57<\/li><li>COMO ENTRAR EM CONTATO CONOSCO<br>Para esclarecer quaisquer d\u00favidas sobre esta Pol\u00edtica de Privacidade ou sobre os dados pessoais que tratamos, entre em contato com nosso Encarregado de Prote\u00e7\u00e3o de Dados Pessoais por algum dos canais mencionados abaixo:<br>\u2022 DPO: Jos\u00e9 Alo\u00edsio G\u00f3es B. Segundo. \u2022 E-mail: dpo@grupomodulo.com.br \u2022 Telefone: (73) 99988-4572 \u2022 Avenida Juca Le\u00e3o, 217, Centro, Itabuna \u2013 Bahia, CEP: 45.600-162.<\/li><\/ol>\n","protected":false},"excerpt":{"rendered":"<p>POL\u00cdTICA DE PRIVACIDADEOs Valores estabelecidos para o GRUPO M\u00d3DULO, quais sejam, COMPROMISSO \u2013 RESPEITO \u2013 INOVA\u00c7\u00c3O \u2013 JUSTI\u00c7A \u2013 SERIEDADE \u2013 VERDADE &#8211; CORAGEM, nos convidam ao exerc\u00edcio permanente de a\u00e7\u00f5es que se traduzam em prote\u00e7\u00e3o e transpar\u00eancia das rela\u00e7\u00f5es estabelecidas nas atividades empresariais. Por esta raz\u00e3o estamos atentos \u00e0 necessidade de conformidade (compliance) de<a class=\"read-btn hvr-right more-link\" href=\"https:\/\/www.grupomodulo.com.br\/novo\/politica-de-privacidade\/\">Leia Mais<\/a><\/p>\n","protected":false},"author":1,"featured_media":0,"parent":0,"menu_order":0,"comment_status":"closed","ping_status":"closed","template":"","meta":{"footnotes":""},"class_list":["post-1284","page","type-page","status-publish","hentry"],"_links":{"self":[{"href":"https:\/\/www.grupomodulo.com.br\/novo\/wp-json\/wp\/v2\/pages\/1284","targetHints":{"allow":["GET"]}}],"collection":[{"href":"https:\/\/www.grupomodulo.com.br\/novo\/wp-json\/wp\/v2\/pages"}],"about":[{"href":"https:\/\/www.grupomodulo.com.br\/novo\/wp-json\/wp\/v2\/types\/page"}],"author":[{"embeddable":true,"href":"https:\/\/www.grupomodulo.com.br\/novo\/wp-json\/wp\/v2\/users\/1"}],"replies":[{"embeddable":true,"href":"https:\/\/www.grupomodulo.com.br\/novo\/wp-json\/wp\/v2\/comments?post=1284"}],"version-history":[{"count":1,"href":"https:\/\/www.grupomodulo.com.br\/novo\/wp-json\/wp\/v2\/pages\/1284\/revisions"}],"predecessor-version":[{"id":1285,"href":"https:\/\/www.grupomodulo.com.br\/novo\/wp-json\/wp\/v2\/pages\/1284\/revisions\/1285"}],"wp:attachment":[{"href":"https:\/\/www.grupomodulo.com.br\/novo\/wp-json\/wp\/v2\/media?parent=1284"}],"curies":[{"name":"wp","href":"https:\/\/api.w.org\/{rel}","templated":true}]}}