{"id":1297,"date":"2022-12-19T16:32:20","date_gmt":"2022-12-19T19:32:20","guid":{"rendered":"https:\/\/www.grupomodulo.com.br\/novo\/?page_id=1297"},"modified":"2022-12-19T16:47:21","modified_gmt":"2022-12-19T19:47:21","slug":"nossas-lojas-2","status":"publish","type":"page","link":"https:\/\/www.grupomodulo.com.br\/novo\/nossas-lojas-2\/","title":{"rendered":"Nossas Lojas"},"content":{"rendered":"\n<div class=\"team-area team-one white-bg section-padding\">\n<div class=\"container\">\n<div class=\"row\">\n<div class=\"col-xs-12 col-sm-9 col-md-7 col-text-center text-center\">\n<div class=\"section-title mb-70\">\n<h2 class=\"font-36 uppercase montserrat weight-bold mb-20\">Lojas<\/h2>\n<div class=\"double-line\">&nbsp;<\/div>\n<p class=\"font-16 mt-20\">Conhe\u00e7a nossas lojas e fa\u00e7a-nos uma visita<\/p>\n<\/div>\n<\/div>\n<\/div>\n<div class=\"row mb-10 text-center\">\n<div class=\"col-xs-12 col-sm-6 col-md-4 mobile-mb-10 tablet-mb-10 wow fadeInUpSmall\" data-wow-delay=\".1s\" data-wow-duration=\"1s\">\n<div class=\"single-member relative\">\n<figure><img decoding=\"async\" data-src=\"http:\/\/www.grupomodulo.com.br\/novo\/wp-content\/uploads\/2018\/10\/ConquistaInsumos.png\" alt=\"Member Image\" src=\"data:image\/svg+xml;base64,PHN2ZyB3aWR0aD0iMSIgaGVpZ2h0PSIxIiB4bWxucz0iaHR0cDovL3d3dy53My5vcmcvMjAwMC9zdmciPjwvc3ZnPg==\" class=\"lazyload\" style=\"--smush-placeholder-width: 1280px; --smush-placeholder-aspect-ratio: 1280\/960;\"><\/figure><p><\/p>\n<h2 style=\"font-size: 18px;\"><strong>Modulo Rural \u2013 Vit\u00f3ria da Conquista<\/strong><\/h2>\n<p style=\"font-size: 12px; text-align: left;\"><b>Gerente:<\/b> Lanier Cardenas<\/p>\n<p style=\"font-size: 12px; text-align: left;\"><b>Celular:<\/b> (77) 99818-6133<\/p>\n<p style=\"text-align: left;\"><b>Telefone da loja:<\/b> (77) 2101-7777<\/p>\n<p style=\"font-size: 12px; text-align: left;\"><b>Endere\u00e7o:<\/b> Pra\u00e7a Vitor Brito, 15 \u2013 Recreio \u2013 Vit\u00f3ria da Conquista\/Ba \u2013 CEP: 45.000-235<\/p>\n<p style=\"font-size: 11px; text-align: left;\"><b>Email:<\/b> lanier.cardenas@grupomodulo.com.br<\/p>\n<\/div>\n<\/div>\n<div class=\"col-xs-12 col-sm-6 col-md-4 mobile-mb-10 tablet-mb-10 wow fadeInUpSmall\" data-wow-delay=\".1s\" data-wow-duration=\"1s\">\n<div class=\"single-member relative\">\n<figure><img decoding=\"async\" style=\"--smush-placeholder-width: 1024px; --smush-placeholder-aspect-ratio: 1024\/768;width: 500px;\" data-src=\"http:\/\/www.grupomodulo.com.br\/novo\/wp-content\/uploads\/2017\/12\/moduloruralbarradochoca.jpg\" alt=\"Member Image\" src=\"data:image\/svg+xml;base64,PHN2ZyB3aWR0aD0iMSIgaGVpZ2h0PSIxIiB4bWxucz0iaHR0cDovL3d3dy53My5vcmcvMjAwMC9zdmciPjwvc3ZnPg==\" class=\"lazyload\"><\/figure><p><\/p>\n<h2 style=\"font-size: 18px;\"><strong>Modulo Rural \u2013 Barra do Cho\u00e7a<\/strong><\/h2>\n<p style=\"font-size: 12px; text-align: left;\"><b>Gerente:<\/b> Vicente Gomes<\/p>\n<p style=\"font-size: 12px; text-align: left;\"><b>Celular:<\/b> (77) 98145-4726<\/p>\n<p style=\"text-align: left;\"><b>Telefone da loja:<\/b> (77) 3436-1028<\/p>\n<p style=\"font-size: 12px; text-align: left;\"><b>Endere\u00e7o:<\/b> Av. Getulio Vargas, 79 \u2013 Centro \u2013 Barra do Cho\u00e7a\/Ba \u2013 CEP: 45.120-000<\/p>\n<p style=\"font-size: 11px; text-align: left;\"><b>Email:<\/b> vicente.gomes@grupomodulo.com.br<\/p>\n<\/div>\n<\/div>\n<div class=\"col-xs-12 col-sm-6 col-md-4 mobile-mb-10 tablet-mb-10 wow fadeInUpSmall\" data-wow-delay=\".1s\" data-wow-duration=\"1s\">\n<div class=\"single-member relative\">\n<figure><img decoding=\"async\" style=\"--smush-placeholder-width: 800px; --smush-placeholder-aspect-ratio: 800\/600;width: 500px;\" data-src=\"http:\/\/www.grupomodulo.com.br\/novo\/wp-content\/uploads\/2017\/12\/moduloruralitabuna.jpg\" alt=\"Member Image\" src=\"data:image\/svg+xml;base64,PHN2ZyB3aWR0aD0iMSIgaGVpZ2h0PSIxIiB4bWxucz0iaHR0cDovL3d3dy53My5vcmcvMjAwMC9zdmciPjwvc3ZnPg==\" class=\"lazyload\"><\/figure><p><\/p>\n<h2 style=\"font-size: 18px;\"><strong>Modulo Rural \u2013 Itabuna<\/strong><\/h2>\n<p style=\"font-size: 11px; text-align: left;\"><b>Supervisora de Vendas:<\/b> Maria Silva de Jesus<\/p>\n<p style=\"font-size: 12px; text-align: left;\"><b>Celular:<\/b> (73) 98128-7532<\/p>\n<p style=\"text-align: left;\"><b>Telefone da loja:<\/b> (73) 3214-4550<\/p>\n<p style=\"font-size: 12px; text-align: left;\"><b>Endere\u00e7o:<\/b> Av. Juca Le\u00e3o, 217 \u2013 Centro \u2013 Itabuna\/Ba \u2013 CEP: 45.600-162<\/p>\n<p style=\"font-size: 11px; text-align: left;\"><b>Email:<\/b> maria.silva@grupomodulo.com.br<\/p>\n<\/div>\n<\/div>\n<\/div>\n<div class=\"row mb-10 text-center\">\n<div class=\"col-xs-12 col-sm-6 col-md-4 mobile-mb-10 tablet-mb-10 wow fadeInUpSmall\" data-wow-delay=\".1s\" data-wow-duration=\"1s\">\n<div class=\"single-member relative\">\n<figure><img decoding=\"async\" data-src=\"http:\/\/www.grupomodulo.com.br\/novo\/wp-content\/uploads\/2018\/10\/moduloruraleunapolis.png\" alt=\"Member Image\" src=\"data:image\/svg+xml;base64,PHN2ZyB3aWR0aD0iMSIgaGVpZ2h0PSIxIiB4bWxucz0iaHR0cDovL3d3dy53My5vcmcvMjAwMC9zdmciPjwvc3ZnPg==\" class=\"lazyload\" style=\"--smush-placeholder-width: 1280px; --smush-placeholder-aspect-ratio: 1280\/960;\"><\/figure><p><\/p>\n<h2 style=\"font-size: 18px;\"><strong>Modulo Rural \u2013 Eun\u00e1polis<\/strong><\/h2>\n<p style=\"font-size: 12px; text-align: left;\"><b>Gerente:<\/b> Vanessa Piccinin<\/p>\n<p style=\"font-size: 12px; text-align: left;\"><b>Celular:<\/b> (73) 98113-7124<\/p>\n<p style=\"text-align: left;\"><b>Telefone da loja:<\/b> (73) 3281-5070<\/p>\n<p style=\"font-size: 12px; text-align: left;\"><b>Endere\u00e7o:<\/b> Av. Bahia, 80 \u2013 Centro \u2013 Eun\u00e1polis\/Ba \u2013 CEP: 45.820-970<\/p>\n<p style=\"font-size: 11px; text-align: left;\"><b>Email:<\/b> vanessa.piccinin@grupomodulo.com.br<\/p>\n<\/div>\n<\/div>\n<div class=\"col-xs-12 col-sm-6 col-md-4 mobile-mb-10 tablet-mb-10 wow fadeInUpSmall\" data-wow-delay=\".1s\" data-wow-duration=\"1s\">\n<div class=\"single-member relative\">\n<figure><img decoding=\"async\" data-src=\"http:\/\/www.grupomodulo.com.br\/novo\/wp-content\/uploads\/2018\/10\/InsumosFeira.png\" alt=\"Member Image\" src=\"data:image\/svg+xml;base64,PHN2ZyB3aWR0aD0iMSIgaGVpZ2h0PSIxIiB4bWxucz0iaHR0cDovL3d3dy53My5vcmcvMjAwMC9zdmciPjwvc3ZnPg==\" class=\"lazyload\" style=\"--smush-placeholder-width: 1040px; --smush-placeholder-aspect-ratio: 1040\/780;\"><\/figure><p><\/p>\n<h2 style=\"font-size: 18px;\"><strong>Modulo Rural \u2013 Feira de Santana<\/strong><\/h2>\n<p style=\"font-size: 12px; text-align: left;\"><b>Gerente:<\/b> Diego Dourado<\/p>\n<p style=\"font-size: 12px; text-align: left;\"><b>Celular:<\/b> (74) 99980-3169<\/p>\n<p style=\"text-align: left;\"><b>Telefone da loja:<\/b> (75) 3625-8572<\/p>\n<p style=\"font-size: 12px; text-align: left;\"><b>Endere\u00e7o:<\/b> Av. Eduardo Froes da Mota, 1485 \u2013 Parque Getulio Vargas \u2013 Feira de Santana\/Ba &#8211; CEP: 44.076-822<\/p>\n<p style=\"font-size: 11px; text-align: left;\"><b>Email:<\/b> diego.dourado@grupomodulo.com.br<\/p>\n<\/div>\n<\/div>\n<div class=\"col-xs-12 col-sm-6 col-md-4 mobile-mb-10 tablet-mb-10 wow fadeInUpSmall\" data-wow-delay=\".1s\" data-wow-duration=\"1s\">\n<div class=\"single-member relative\">\n<figure><img decoding=\"async\" data-src=\"http:\/\/www.grupomodulo.com.br\/novo\/wp-content\/uploads\/2022\/12\/5acef779-c6de-4aca-b14a-463c7582589b.jpg\" alt=\"Member Image\" src=\"data:image\/svg+xml;base64,PHN2ZyB3aWR0aD0iMSIgaGVpZ2h0PSIxIiB4bWxucz0iaHR0cDovL3d3dy53My5vcmcvMjAwMC9zdmciPjwvc3ZnPg==\" class=\"lazyload\" style=\"--smush-placeholder-width: 1599px; --smush-placeholder-aspect-ratio: 1599\/1200;\"><\/figure><p><\/p>\n<h2 style=\"font-size: 18px;\"><strong>Modulo Rural \u2013 Mata Verde<\/strong><\/h2>\n<p style=\"font-size: 12px; text-align: left;\"><b>Gerente:<\/b> Renan Nunes<\/p>\n<p style=\"font-size: 12px; text-align: left;\"><b>Celular:<\/b> (77) 9 9867-1808<\/p>\n<p style=\"text-align: left;\"><b>Telefone da loja:<\/b> (33) 3722-1075<\/p>\n<p style=\"font-size: 12px; text-align: left;\"><b>Endere\u00e7o:<\/b> Av. Bahia, 450 \u2013 Vila Bahia &#8211; Encruzilhada\/Ba \u2013 CEP: 45.150-000<\/p>\n<p style=\"font-size: 11px; text-align: left;\"><b>Email:<\/b> renan.nunes@grupomodulo.com.br<\/p>\n<\/div>\n<\/div>\n<\/div>\n<div class=\"row mb-10 text-center\">\n<div class=\"col-xs-12 col-sm-6 col-md-4 mobile-mb-10 tablet-mb-10 wow fadeInUpSmall\" data-wow-delay=\".1s\" data-wow-duration=\"1s\">\n<div class=\"single-member relative\">\n<figure><img decoding=\"async\" data-src=\"http:\/\/www.grupomodulo.com.br\/novo\/wp-content\/uploads\/2018\/10\/Chapada.png\" alt=\"Member Image\" src=\"data:image\/svg+xml;base64,PHN2ZyB3aWR0aD0iMSIgaGVpZ2h0PSIxIiB4bWxucz0iaHR0cDovL3d3dy53My5vcmcvMjAwMC9zdmciPjwvc3ZnPg==\" class=\"lazyload\" style=\"--smush-placeholder-width: 1032px; --smush-placeholder-aspect-ratio: 1032\/774;\"><\/figure><p><\/p>\n<h2 style=\"font-size: 18px;\"><strong>Modulo Rural \u2013 Chapada<\/strong><\/h2>\n<p style=\"font-size: 12px; text-align: left;\"><b>Gerente:<\/b> Ana Fabia<\/p>\n<p style=\"font-size: 12px; text-align: left;\"><b>Celular:<\/b> (77) 98110-5565<\/p>\n<p style=\"text-align: left;\"><b>Telefone da loja:<\/b> (77) 3413-5333<\/p>\n<p style=\"font-size: 12px; text-align: left;\"><b>Endere\u00e7o:<\/b> Rua Serraria do Norte, s\/n \u2013 Cascavel &#8211; Ibicoara\/Ba \u2013 CEP: 46-760-000<\/p>\n<p style=\"font-size: 11px; text-align: left;\"><b>Email:<\/b> ana.fabia@grupomodulo.com.br<\/p>\n<\/div>\n<\/div>\n<\/div>\n<div class=\"row mb-10 text-center\">\n<div class=\"col-xs-12 col-sm-6 col-md-4 mobile-mb-10 tablet-mb-10 wow fadeInUpSmall\" data-wow-delay=\".1s\" data-wow-duration=\"1s\">\n<div class=\"single-member relative\">\n<figure><img decoding=\"async\" data-src=\"http:\/\/www.grupomodulo.com.br\/novo\/wp-content\/uploads\/2018\/10\/TratoresIrece.png\" alt=\"Member Image\" src=\"data:image\/svg+xml;base64,PHN2ZyB3aWR0aD0iMSIgaGVpZ2h0PSIxIiB4bWxucz0iaHR0cDovL3d3dy53My5vcmcvMjAwMC9zdmciPjwvc3ZnPg==\" class=\"lazyload\" style=\"--smush-placeholder-width: 960px; --smush-placeholder-aspect-ratio: 960\/640;\"><\/figure><p><\/p>\n<h2 style=\"font-size: 15px;\"><strong>Modulo Tratores Irec\u00ea<\/strong><\/h2>\n<p style=\"font-size: 12px; text-align: left;\"><b>Gerente:<\/b> Juliano Andrade<\/p>\n<p style=\"font-size: 12px; text-align: left;\"><b>Celular:<\/b> (77) 98105-5813<\/p>\n<p style=\"text-align: left;\"><b>Telefone da loja:<\/b> (74) 3641-4748<\/p>\n<p style=\"font-size: 12px; text-align: left;\"><b>Endere\u00e7o:<\/b> Av. Santos Lopes, 417 \u2013 Centro \u2013 Irec\u00ea\/Ba \u2013 CEP: 44.900-000<\/p>\n<p style=\"font-size: 11px; text-align: left;\"><b>Email:<\/b> juliano.andrade@grupomodulo.com.br<\/p>\n<p style=\"font-size: 11px; text-align: left;\"><b>Site:<\/b> www.modulotratores.com.br<\/p>\n<\/div>\n<\/div>\n<div class=\"col-xs-12 col-sm-6 col-md-4 mobile-mb-10 tablet-mb-10 wow fadeInUpSmall\" data-wow-delay=\".1s\" data-wow-duration=\"1s\">\n<div class=\"single-member relative\">\n<figure><img decoding=\"async\" data-src=\"http:\/\/www.grupomodulo.com.br\/novo\/wp-content\/uploads\/2017\/12\/modulotratoresconquista.jpg\" alt=\"Member Image\" src=\"data:image\/svg+xml;base64,PHN2ZyB3aWR0aD0iMSIgaGVpZ2h0PSIxIiB4bWxucz0iaHR0cDovL3d3dy53My5vcmcvMjAwMC9zdmciPjwvc3ZnPg==\" class=\"lazyload\" style=\"--smush-placeholder-width: 1024px; --smush-placeholder-aspect-ratio: 1024\/768;\"><\/figure><p><\/p>\n<h2 style=\"font-size: 15px;\"><strong>M\u00f3dulo Tratores Matriz \u2013 Vit\u00f3ria da Conquista<\/strong><\/h2>\n<p style=\"font-size: 12px; text-align: left;\"><b>Gerente:<\/b> Juliano Andrade<\/p>\n<p style=\"font-size: 12px; text-align: left;\"><b>Celular:<\/b> (77) 98105-5813<\/p>\n<p style=\"text-align: left;\"><b>Telefone da loja:<\/b> (77) 3421-2128<\/p>\n<p style=\"font-size: 12px; text-align: left;\"><b>Endere\u00e7o:<\/b> Av. Barlolomeu de Gusm\u00e3o, 311 centro, Vit\u00f3ria da Conquista-BA &#8211; CEP: 44.023-000<\/p>\n<p style=\"font-size: 11px; text-align: left;\"><b>Email:<\/b> juliano.andrade@grupomodulo.com.br<\/p>\n<p style=\"font-size: 11px; text-align: left;\"><b>Site:<\/b> www.modulotratores.com.br<\/p>\n<\/div>\n<\/div>\n<div class=\"col-xs-12 col-sm-6 col-md-4 mobile-mb-10 tablet-mb-10 wow fadeInUpSmall\" data-wow-delay=\".1s\" data-wow-duration=\"1s\">\n<div class=\"single-member relative\">\n<figure><img decoding=\"async\" data-src=\"http:\/\/www.grupomodulo.com.br\/novo\/wp-content\/uploads\/2021\/08\/WhatsApp-Image-2021-08-26-at-14.47.45.jpeg\" alt=\"Member Image\" src=\"data:image\/svg+xml;base64,PHN2ZyB3aWR0aD0iMSIgaGVpZ2h0PSIxIiB4bWxucz0iaHR0cDovL3d3dy53My5vcmcvMjAwMC9zdmciPjwvc3ZnPg==\" class=\"lazyload\" style=\"--smush-placeholder-width: 1280px; --smush-placeholder-aspect-ratio: 1280\/720;\"><\/figure><p><\/p>\n<h2 style=\"font-size: 15px;\"><strong>M\u00f3dulo Tratores Feira de Santana<\/strong><\/h2>\n<p style=\"font-size: 12px; text-align: left;\"><b>Gerente:<\/b> Juliano Andrade<\/p>\n<p style=\"font-size: 12px; text-align: left;\"><b>Celular:<\/b> (77) 98105-5813<\/p>\n<p style=\"font-size: 12px; text-align: left;\"><b>Telefone da loja:<\/b> (77) 3421-2128 \/ (75) 3623-7121<\/p>\n<p style=\"font-size: 12px; text-align: left;\"><b>Endere\u00e7o:<\/b> Av. Presidente Dultra, 1745 &#8211; Capuchinhos &#8211; CEP: 44.023-000 \u2013 Feira de Santana-BA &#8211; CEP: 45.603-231<\/p>\n<p style=\"font-size: 11px; text-align: left;\"><b>Email:<\/b> juliano.andrade@grupomodulo.com.br<\/p>\n<p style=\"font-size: 11px; text-align: left;\"><b>Site:<\/b> www.modulotratores.com.br<\/p>\n<\/div>\n<\/div>\n<\/div>\n<\/div>\n<\/div>\n","protected":false},"excerpt":{"rendered":"<p>Lojas &nbsp; Conhe\u00e7a nossas lojas e fa\u00e7a-nos uma visita Modulo Rural \u2013 Vit\u00f3ria da Conquista Gerente: Lanier Cardenas Celular: (77) 99818-6133 Telefone da loja: (77) 2101-7777 Endere\u00e7o: Pra\u00e7a Vitor Brito, 15 \u2013 Recreio \u2013 Vit\u00f3ria da Conquista\/Ba \u2013 CEP: 45.000-235 Email: lanier.cardenas@grupomodulo.com.br Modulo Rural \u2013 Barra do Cho\u00e7a Gerente: Vicente Gomes Celular: (77) 98145-4726 Telefone<a class=\"read-btn hvr-right more-link\" href=\"https:\/\/www.grupomodulo.com.br\/novo\/nossas-lojas-2\/\">Leia Mais<\/a><\/p>\n","protected":false},"author":1,"featured_media":0,"parent":0,"menu_order":0,"comment_status":"closed","ping_status":"closed","template":"","meta":{"footnotes":""},"class_list":["post-1297","page","type-page","status-publish","hentry"],"_links":{"self":[{"href":"https:\/\/www.grupomodulo.com.br\/novo\/wp-json\/wp\/v2\/pages\/1297","targetHints":{"allow":["GET"]}}],"collection":[{"href":"https:\/\/www.grupomodulo.com.br\/novo\/wp-json\/wp\/v2\/pages"}],"about":[{"href":"https:\/\/www.grupomodulo.com.br\/novo\/wp-json\/wp\/v2\/types\/page"}],"author":[{"embeddable":true,"href":"https:\/\/www.grupomodulo.com.br\/novo\/wp-json\/wp\/v2\/users\/1"}],"replies":[{"embeddable":true,"href":"https:\/\/www.grupomodulo.com.br\/novo\/wp-json\/wp\/v2\/comments?post=1297"}],"version-history":[{"count":9,"href":"https:\/\/www.grupomodulo.com.br\/novo\/wp-json\/wp\/v2\/pages\/1297\/revisions"}],"predecessor-version":[{"id":1306,"href":"https:\/\/www.grupomodulo.com.br\/novo\/wp-json\/wp\/v2\/pages\/1297\/revisions\/1306"}],"wp:attachment":[{"href":"https:\/\/www.grupomodulo.com.br\/novo\/wp-json\/wp\/v2\/media?parent=1297"}],"curies":[{"name":"wp","href":"https:\/\/api.w.org\/{rel}","templated":true}]}}