{"id":152,"date":"2017-09-06T03:27:08","date_gmt":"2017-09-06T06:27:08","guid":{"rendered":"http:\/\/www.grupomodulo.com.br\/novo\/?page_id=152"},"modified":"2017-12-19T12:47:08","modified_gmt":"2017-12-19T14:47:08","slug":"about-us","status":"publish","type":"page","link":"https:\/\/www.grupomodulo.com.br\/novo\/about-us\/","title":{"rendered":"O Grupo M\u00f3dulo"},"content":{"rendered":"<div class=\"fw-page-builder-content\">\n<h1 class=\"font-36 weight-bold montserrat uppercase white-color mb-20\">O Grupo M\u00f3dulo<\/h1>\n<h3 class=\"font-20 mb-5 uppercase white-color\">A hist\u00f3ria do<\/h3>\n<h2 class=\"mb-30 uppercase white-color\">Grupo M\u00f3dulo<\/h2>\n<p class=\"mb-30 font-16 weight-light line-height-26 white-color\" style=\"text-align: justify;\">O Grupo M\u00f3dulo surgiu da ideia de dois agr\u00f4nomos \u2013 Nicanor Coelho Filho e Ronaldo Abude \u2013 de sugerir aos grandes laborat\u00f3rios de produ\u00e7\u00e3o de herbicidas, inseticidas e fungicidas uma parceria regional para trabalhar os seus produtos de forma profissional e estrat\u00e9gica, um perfil desejado pelas ind\u00fastrias. Assim, em 1995, surgiu a distribuidora e varejo de defensivos agr\u00edcolas M\u00f3dulo Rural.<\/p>\n<p class=\"weight-light font-16 line-height-26 white-color\">Grupo M\u00f3dulo \u2013 H\u00e1 20 anos acreditando na for\u00e7a do produtor.<\/p>\n<\/p>\n<\/p>\n<p> <img decoding=\"async\" data-src=\"assets\/img\/about\/shape-1.png\" alt=\"Work Culture\" src=\"data:image\/svg+xml;base64,PHN2ZyB3aWR0aD0iMSIgaGVpZ2h0PSIxIiB4bWxucz0iaHR0cDovL3d3dy53My5vcmcvMjAwMC9zdmciPjwvc3ZnPg==\" class=\"lazyload\" \/><\/p>\n<h3 class=\"mb-10 uppercase\">1995<\/h3>\n<p style=\"text-align: justify;\" >Desde mar\u00e7o de 1995, data de sua funda\u00e7\u00e3o, a M\u00f3dulo Rural aprimorou t\u00e9cnicas, ajudou no desenvolvimento econ\u00f4mico das regi\u00f5es onde atua, diversificou com outros segmentos como Constru\u00e7\u00e3o Civil (M\u00f3dulos El\u00e9trica e Hidr\u00e1ulica), M\u00f3dulo Tratores, M\u00f3dulo Agropecu\u00e1ria e hoje \u00e9 representada pelo Grupo M\u00f3dulo, marca que simboliza a jun\u00e7\u00e3o das empresas e segmentos M\u00f3dulo Rural.<\/p>\n<\/p>\n<p> <img decoding=\"async\" data-src=\"assets\/img\/about\/shape-2.png\" alt=\"OUR HISTORY\" src=\"data:image\/svg+xml;base64,PHN2ZyB3aWR0aD0iMSIgaGVpZ2h0PSIxIiB4bWxucz0iaHR0cDovL3d3dy53My5vcmcvMjAwMC9zdmciPjwvc3ZnPg==\" class=\"lazyload\" \/><\/p>\n<h3 class=\"mb-10 uppercase\">2017<\/h3>\n<p style=\"text-align: justify;\" >O Grupo M\u00f3dulo, hoje, atua com lojas de defensivos agr\u00edcolas no sudoeste, Chapada, Rec\u00f4ncavo e sul e extremo sul da Bahia. A matriz fica em Vit\u00f3ria da Conquista e com unidades em Barra do Cho\u00e7a e Vila Bahia, regi\u00f5es com cultura predominante de caf\u00e9, com produ\u00e7\u00e3o estimada de 700 mil sacas com mais de 20 mil hectares e pecu\u00e1ria de leite e corte com um rebanho 570 mil cabe\u00e7as. Com um p\u00f3lo comercial de 1,5 milh\u00f5es de habitantes a regi\u00e3o sudoeste da Bahia ainda se destaca pelas baixas temperaturas.<\/p>\n<\/p>\n<\/p>\n<\/p>\n<p style=\"text-align: justify;\" >Nessa regi\u00e3o o Grupo M\u00f3dulo ainda atua com a M\u00f3dulo Tratores que abarca n\u00e3o s\u00f3 o sudoeste, como tamb\u00e9m a regi\u00e3o da Chapada. A parceria com a New Holland deu ao grupo a oportunidade de oferecer aos seus clientes n\u00e3o apenas tecnologia em adubos, fertilizantes, medicamentos veterin\u00e1rios e defensivos, mas tamb\u00e9m a agricultura de precis\u00e3o com tratores que t\u00eam o reconhecimento dos agricultores pela sua efici\u00eancia, capacidade, produtividade, alta tecnologia, conforto e facilidade de opera\u00e7\u00e3o. Sem falar na assist\u00eancia t\u00e9cnica.<\/p>\n<\/p>\n<p style=\"text-align: justify;\" >No sul e extremo sul as lojas de Itabuna e Eun\u00e1polis atendem a uma rica regi\u00e3o com cerca 1,3 milh\u00f5es de habitantes. No sul predomina a cultura do cacau. Com safras entre 130 e 150 toneladas, ainda \u00e9 a principal cultura para a loja de Itabuna. Mas h\u00e1 algum tempo, as diversifica\u00e7\u00f5es, principalmente com o caf\u00e9 conilon e a pia\u00e7ava t\u00eam tido boa participa\u00e7\u00e3o no agroneg\u00f3cio. O complexo intermodal \u2013 Porto, Aeroporto, Ferrovia, ZPE \u2013 est\u00e1 mexendo com o sul da Bahia que j\u00e1 \u00e9 forte por ser uma refer\u00eancia como p\u00f3lo de sa\u00fade e educa\u00e7\u00e3o. Espera-se um investimento da ordem de mais de 5 bilh\u00f5es de reais.<\/p>\n<\/p>\n<p style=\"text-align: justify;\" >No extremo sul outras culturas como melancia, ab\u00f3bora, mam\u00e3o, graviola t\u00eam atra\u00eddo produtores de todo o Brasil com safras recordes. As ind\u00fastrias de celulose mudaram a geografia da regi\u00e3o e impulsionam a economia local. Por isso a loja de Eun\u00e1polis tem se destacado com um crescimento sempre acima da m\u00e9dia.<\/p>\n<\/p>\n<p style=\"text-align: justify;\" >Em Itabuna, al\u00e9m da loja de defensivos agr\u00edcolas, o Grupo M\u00f3dulo atua na \u00e1rea de constru\u00e7\u00e3o civil com a M\u00f3dulo El\u00e9trica e Hidr\u00e1ulica, uma loja bem localizada e estrategicamente administrada, com clientela fidelizada e um modelo de gest\u00e3o pautado em parcerias com grandes marcas, servi\u00e7os e pre\u00e7os atraentes.<\/p>\n<\/p>\n<p style=\"text-align: justify;\" >Em Ilh\u00e9us a fazenda Porto Novo faz parte do setor agropecu\u00e1rio do grupo, com quase 300 hectares de cacau. A fazenda \u00e9 uma das refer\u00eancias em cacau de qualidade usado para produ\u00e7\u00e3o de chocolates finos. O cacau gourmet, como \u00e9 conhecido, \u00e9 essencial para a fabrica\u00e7\u00e3o de um bom chocolate e, por conta disso, tem um pre\u00e7o diferenciado.<\/p>\n<p style=\"text-align: justify;\" >&nbsp;&nbsp;&nbsp;<\/p>\n<\/p>\n<p> <a class=\"various fancybox\" data-fancybox-type=\"iframe\" title=\"Grupo M\u00f3dulo 20 Anos\" href=\"https:\/\/www.youtube.com\/embed\/ThjjhMTO2Pk?&#038;autoplay=1\"> <\/a> <\/p>\n<\/p>\n<p style=\"text-align: justify;\" >&nbsp;&nbsp;&nbsp;<\/p>\n<p style=\"text-align: justify;\" >O Grupo M\u00f3dulo tem atuado nos principais mercados do agroneg\u00f3cio da Bahia: na Chapada \u2013 mais precisamente em Cascavel, distrito de Ibicoara \u2013 e amb\u00e9m em Mucug\u00ea. T\u00eam destaque nacional a produ\u00e7\u00e3o de batatas, com 42 toneladas em aproximadamente 5.500 hectares, e o tomate, com produ\u00e7\u00e3o de 102 toneladas em pouco mais de 1100 hectares. A regi\u00e3o tem uma caracter\u00edstica diferenciada por ser formada por grandes produtores e tamb\u00e9m por um alto n\u00edvel tecnol\u00f3gico nas lavouras. A loja da Chapada divide o atendimento com a M\u00f3dulo Tratores de Vit\u00f3ria da Conquista. Juntas t\u00eam a geografia de maior desenvolvimento agropecu\u00e1rio do grupo.<\/p>\n<\/p>\n<p style=\"text-align: justify;\" >A segunda maior cidade do estado \u00e9 tamb\u00e9m a maior cidade do interior do nordeste, norte e centro oeste do Brasil. A regi\u00e3o metropolitana de Feira de Santana concentra quase um milh\u00e3o de habitantes. As principais culturas s\u00e3o: eucalipto; fumo; abacaxi; milho; feij\u00e3o; coco e citros.<\/p>\n<\/p>\n<p style=\"text-align: justify;\" >O maior destaque da regi\u00e3o de Feira de Santana \u00e9 a cria\u00e7\u00e3o de asininos (carcteres: 1\u00aa posi\u00e7\u00e3o nacional), equinos e coelhos (carcteres: 2\u00aa posi\u00e7\u00e3o nacional). A cidade \u00e9 tamb\u00e9m grande produtora de frangos, ovos e leite. Para esta regi\u00e3o temos duas lojas do Grupo, a M\u00f3dulo Tratores e a M\u00f3dulo Rural que, juntas, atendem um mercado promissor e com bastante diversifica\u00e7\u00e3o.<\/p>\n<\/p>\n<p style=\"text-align: justify;\" >O Grupo M\u00f3dulo agrega ainda a Urano, marca pr\u00f3pria de fertilizante foliar que aumenta a produtividade de v\u00e1rias culturas, garantindo rentabilidade com retorno assegurado.<\/p>\n<\/p>\n<p style=\"text-align: justify;\" >Para superar seus desafios o Grupo M\u00f3dulo tem procurado se reinventar todos os dias, estamos num constante processo de inova\u00e7\u00e3o, pois disso dependem sua manuten\u00e7\u00e3o e expans\u00e3o. As empresas do Grupo M\u00f3dulo fazem isso sistematicamente. A gest\u00e3o de pessoas, a administra\u00e7\u00e3o e finan\u00e7as tornam as empresas do grupo um grande aliado para o progresso pessoal e profissional de todos os stakeholders.<\/p>\n<\/p>\n<p style=\"text-align: justify;\" >A M\u00f3dulo Rural participa do projeto Campo Limpo, que d\u00e1 destino correto \u00e0s embalagens de defensivos agr\u00edcolas, retirando-as das fazendas ap\u00f3s o uso. A Fazenda Porto Novo em Ilh\u00e9us \u2013 que pertence ao Grupo M\u00f3dulo \u2013 preserva uma \u00e1rea de aproximadamente 300 hectares de Mata Atl\u00e2ntica virgem<\/p>\n<\/p>\n<p style=\"text-align: justify;\" >&nbsp;&nbsp;&nbsp;<\/p>\n<\/p>\n<h1 class=\"floatleft white-color no-margin\">\n D\u00favidas? Pergunte ao nosso Agr\u00f4nomo <\/h1>\n<p> <a class=\"btn white-color button-aylen style-aylen black-white\" href=\"http:\/\/www.grupomodulo.com.br\/novo\/pergunte-ao-agronomo\/\"><br \/>\n Clique aqui <\/a><\/p>\n<p><!-- ed51848b2969ccf93aaa82392e2fe6e8 --><\/div>\n","protected":false},"excerpt":{"rendered":"<p>O Grupo M\u00f3dulo A hist\u00f3ria do Grupo M\u00f3dulo O Grupo M\u00f3dulo surgiu da ideia de dois agr\u00f4nomos \u2013 Nicanor Coelho Filho e Ronaldo Abude \u2013 de sugerir aos grandes laborat\u00f3rios de produ\u00e7\u00e3o de herbicidas, inseticidas e fungicidas uma parceria regional para trabalhar os seus produtos de forma profissional e estrat\u00e9gica, um perfil desejado pelas ind\u00fastrias.<a class=\"read-btn hvr-right more-link\" href=\"https:\/\/www.grupomodulo.com.br\/novo\/about-us\/\">Leia Mais<\/a><\/p>\n","protected":false},"author":1,"featured_media":0,"parent":0,"menu_order":0,"comment_status":"closed","ping_status":"closed","template":"","meta":{"footnotes":""},"class_list":["post-152","page","type-page","status-publish","hentry"],"_links":{"self":[{"href":"https:\/\/www.grupomodulo.com.br\/novo\/wp-json\/wp\/v2\/pages\/152","targetHints":{"allow":["GET"]}}],"collection":[{"href":"https:\/\/www.grupomodulo.com.br\/novo\/wp-json\/wp\/v2\/pages"}],"about":[{"href":"https:\/\/www.grupomodulo.com.br\/novo\/wp-json\/wp\/v2\/types\/page"}],"author":[{"embeddable":true,"href":"https:\/\/www.grupomodulo.com.br\/novo\/wp-json\/wp\/v2\/users\/1"}],"replies":[{"embeddable":true,"href":"https:\/\/www.grupomodulo.com.br\/novo\/wp-json\/wp\/v2\/comments?post=152"}],"version-history":[{"count":6,"href":"https:\/\/www.grupomodulo.com.br\/novo\/wp-json\/wp\/v2\/pages\/152\/revisions"}],"predecessor-version":[{"id":1240,"href":"https:\/\/www.grupomodulo.com.br\/novo\/wp-json\/wp\/v2\/pages\/152\/revisions\/1240"}],"wp:attachment":[{"href":"https:\/\/www.grupomodulo.com.br\/novo\/wp-json\/wp\/v2\/media?parent=152"}],"curies":[{"name":"wp","href":"https:\/\/api.w.org\/{rel}","templated":true}]}}