{"id":29,"date":"2017-08-28T07:35:20","date_gmt":"2017-08-28T07:35:20","guid":{"rendered":"http:\/\/www.grupomodulo.com.br\/novo\/?page_id=29"},"modified":"2022-07-07T14:29:19","modified_gmt":"2022-07-07T17:29:19","slug":"home","status":"publish","type":"page","link":"https:\/\/www.grupomodulo.com.br\/novo\/","title":{"rendered":"P\u00e1gina Principal"},"content":{"rendered":"<div class=\"fw-page-builder-content\">\n<h2 class=\"animated fadeInUp time-delay2 white-color font-36 uppercase no-margin\">Bem Vindo ao<\/h2>\n<h1 class=\"animated fadeInUp time-delay3 white-color montserrat weight-bold font-50 uppercase\">\n Grupo M\u00f3dulo <\/h1>\n<p class=\"line-height-28\">\n Conhe\u00e7a nossas lojas, produtos, servi\u00e7os e entre em contato conosco para tirar d\u00favidas! <\/p>\n<p> <a class=\"btn montserrat white-color button-aylen style-aylen black-white\" href=\"http:\/\/www.grupomodulo.com.br\/novo\/fale-conosco\/\">Contate-nos<\/a><\/p>\n<h2 class=\"animated fadeInUp time-delay2 white-color font-36 uppercase no-margin\">Consulte o Agr\u00f4nomo<\/h2>\n<p class=\"line-height-28\">\n Tire suas d\u00favidas diretamente com a nossa equipe <\/p>\n<p> <a class=\"btn montserrat white-color button-aylen style-aylen black-white\" href=\"http:\/\/www.grupomodulo.com.br\/novo\/pergunte-ao-agronomo\/\">Clique Aqui<\/a><\/p>\n<h2 class=\"animated fadeInUp time-delay2 white-color font-36 uppercase no-margin\">Conhe\u00e7a a<\/h2>\n<h1 class=\"animated fadeInUp time-delay3 white-color montserrat weight-bold font-50 uppercase\">\n M\u00f3dulo Tratores <\/h1>\n<p> <a class=\"btn montserrat white-color button-aylen style-aylen black-white\" href=\"http:\/\/www.grupomodulo.com.br\/novo\/consorcio-new-holland\/\">Clique aqui<\/a><\/p>\n<h2 class=\"font-36 uppercase montserrat weight-bold mb-20\">Bem Vindo aoGrupo M\u00f3dulo<\/h2>\n<p class=\"font-16\">Conhe\u00e7a as nossas lojas e todos os produtos e servi\u00e7os que oferecemos<\/p>\n<p><img decoding=\"async\" data-src=\"http:\/\/www.grupomodulo.com.br\/novo\/wp-content\/uploads\/2017\/11\/3.png\" alt=\"Tree Planting\" src=\"data:image\/svg+xml;base64,PHN2ZyB3aWR0aD0iMSIgaGVpZ2h0PSIxIiB4bWxucz0iaHR0cDovL3d3dy53My5vcmcvMjAwMC9zdmciPjwvc3ZnPg==\" class=\"lazyload\" style=\"--smush-placeholder-width: 183px; --smush-placeholder-aspect-ratio: 183\/142;\" \/><\/p>\n<p><img decoding=\"async\" data-src=\"http:\/\/www.grupomodulo.com.br\/novo\/wp-content\/uploads\/2017\/11\/1.png\" alt=\"Tree Planting\" src=\"data:image\/svg+xml;base64,PHN2ZyB3aWR0aD0iMSIgaGVpZ2h0PSIxIiB4bWxucz0iaHR0cDovL3d3dy53My5vcmcvMjAwMC9zdmciPjwvc3ZnPg==\" class=\"lazyload\" style=\"--smush-placeholder-width: 231px; --smush-placeholder-aspect-ratio: 231\/184;\" \/><\/p>\n<p><img decoding=\"async\" data-src=\"http:\/\/www.grupomodulo.com.br\/novo\/wp-content\/uploads\/2017\/11\/4.png\" alt=\"Tree Planting\" src=\"data:image\/svg+xml;base64,PHN2ZyB3aWR0aD0iMSIgaGVpZ2h0PSIxIiB4bWxucz0iaHR0cDovL3d3dy53My5vcmcvMjAwMC9zdmciPjwvc3ZnPg==\" class=\"lazyload\" style=\"--smush-placeholder-width: 231px; --smush-placeholder-aspect-ratio: 231\/184;\" \/><\/p>\n<p><img decoding=\"async\" data-src=\"http:\/\/www.grupomodulo.com.br\/novo\/wp-content\/uploads\/2017\/11\/2.png\" alt=\"Tree Planting\" src=\"data:image\/svg+xml;base64,PHN2ZyB3aWR0aD0iMSIgaGVpZ2h0PSIxIiB4bWxucz0iaHR0cDovL3d3dy53My5vcmcvMjAwMC9zdmciPjwvc3ZnPg==\" class=\"lazyload\" style=\"--smush-placeholder-width: 231px; --smush-placeholder-aspect-ratio: 231\/184;\" \/><\/p>\n<h1 class=\"floatleft white-color no-margin\">\n Or\u00e7amento Online &#8211; conforto e praticidade <\/h1>\n<p> <a class=\"btn white-color button-aylen style-aylen black-white\" href=\"http:\/\/www.grupomodulo.com.br\/novo\/pergunte-ao-agronomo\/\"><br \/>\n Clique e fa\u00e7a o seu <\/a><\/p>\n<h2 class=\"font-36 uppercase montserrat weight-bold mb-20\"> Informativos <\/h2>\n<p class=\"font-16\"> Fique atualizado com as \u00faltimas not\u00edcias do agroneg\u00f3cio <\/p>\n<\/p>\n<\/p>\n<p> <img decoding=\"async\" data-src=\"http:\/\/www.grupomodulo.com.br\/novo\/wp-content\/uploads\/2017\/12\/2-9.jpg\" alt=\"Blog image\" src=\"data:image\/svg+xml;base64,PHN2ZyB3aWR0aD0iMSIgaGVpZ2h0PSIxIiB4bWxucz0iaHR0cDovL3d3dy53My5vcmcvMjAwMC9zdmciPjwvc3ZnPg==\" class=\"lazyload\" style=\"--smush-placeholder-width: 370px; --smush-placeholder-aspect-ratio: 370\/262;\" \/><\/p>\n<p> <a href=\"pib-agropecuario-tera-crescimento-de-109-este-ano-preve-ipea\"><\/a> <\/p>\n<h3 class=\"font-20\"><a href=\"pib-agropecuario-tera-crescimento-de-109-este-ano-preve-ipea\">PIB AGROPECU\u00c1RIO TER\u00c1 CRESCIMENTO DE 10,9% ESTE ANO PREV\u00ca IPEA<\/a><\/h3>\n<\/p>\n<\/p>\n<p> <img decoding=\"async\" data-src=\"http:\/\/www.grupomodulo.com.br\/novo\/wp-content\/uploads\/2017\/12\/trigo_221354-1.jpg\" alt=\"Blog image\" src=\"data:image\/svg+xml;base64,PHN2ZyB3aWR0aD0iMSIgaGVpZ2h0PSIxIiB4bWxucz0iaHR0cDovL3d3dy53My5vcmcvMjAwMC9zdmciPjwvc3ZnPg==\" class=\"lazyload\" style=\"--smush-placeholder-width: 370px; --smush-placeholder-aspect-ratio: 370\/262;\" \/><\/p>\n<p> <a href=\"russia-vai-inundar-o-mundo-de-trigo\"><\/a> <\/p>\n<h3 class=\"font-20\"><a href=\"russia-vai-inundar-o-mundo-de-trigo\">R\u00daSSIA VAI INUNDAR O MUNDO DE TRIGO<\/a><\/h3>\n<\/p>\n<\/p>\n<p> <img decoding=\"async\" data-src=\"http:\/\/www.grupomodulo.com.br\/novo\/wp-content\/uploads\/2017\/12\/sorgo-1-640x457-1.jpg\" alt=\"Blog image\" src=\"data:image\/svg+xml;base64,PHN2ZyB3aWR0aD0iMSIgaGVpZ2h0PSIxIiB4bWxucz0iaHR0cDovL3d3dy53My5vcmcvMjAwMC9zdmciPjwvc3ZnPg==\" class=\"lazyload\" style=\"--smush-placeholder-width: 370px; --smush-placeholder-aspect-ratio: 370\/262;\" \/><\/p>\n<p> <a href=\"sorgo-e-capaz-de-contribuir-para-o-controle-glicemico\"><\/a> <\/p>\n<h3 class=\"font-20\"><a href=\"sorgo-e-capaz-de-contribuir-para-o-controle-glicemico\">SORGO \u00c9 CAPAZ DE CONTRIBUIR PARA O CONTROLE GLIC\u00caMICO<\/a><\/h3>\n<\/p>\n<\/p>\n<p> <img decoding=\"async\" data-src=\"http:\/\/www.grupomodulo.com.br\/novo\/wp-content\/uploads\/2017\/12\/noticias_1501274399-1.jpg\" alt=\"Blog image\" src=\"data:image\/svg+xml;base64,PHN2ZyB3aWR0aD0iMSIgaGVpZ2h0PSIxIiB4bWxucz0iaHR0cDovL3d3dy53My5vcmcvMjAwMC9zdmciPjwvc3ZnPg==\" class=\"lazyload\" style=\"--smush-placeholder-width: 370px; --smush-placeholder-aspect-ratio: 370\/262;\" \/><\/p>\n<p> <a href=\"cientistas-brasileiros-desenvolvem-rebanho-musculoso-com-10-a-mais-de-carne\"><\/a> <\/p>\n<h3 class=\"font-20\"><a href=\"cientistas-brasileiros-desenvolvem-rebanho-musculoso-com-10-a-mais-de-carne\">CIENTISTAS BRASILEIROS DESENVOLVEM REBANHO MUSCULOSO COM 10% A MAIS DE CARNE<\/a><\/h3>\n<\/p>\n<\/p>\n<p> <img decoding=\"async\" data-src=\"http:\/\/www.grupomodulo.com.br\/novo\/wp-content\/uploads\/2017\/12\/1-12.jpg\" alt=\"Blog image\" src=\"data:image\/svg+xml;base64,PHN2ZyB3aWR0aD0iMSIgaGVpZ2h0PSIxIiB4bWxucz0iaHR0cDovL3d3dy53My5vcmcvMjAwMC9zdmciPjwvc3ZnPg==\" class=\"lazyload\" style=\"--smush-placeholder-width: 370px; --smush-placeholder-aspect-ratio: 370\/262;\" \/><\/p>\n<p> <a href=\"empresas-de-itabuna-recebem-premiacao-na-alemanha\"><\/a> <\/p>\n<h3 class=\"font-20\"><a href=\"empresas-de-itabuna-recebem-premiacao-na-alemanha\">EMPRESAS DE ITABUNA RECEBEM PREMIA\u00c7\u00c3O NA ALEMANHA<\/a><\/h3>\n<\/p>\n<\/p>\n<p> <img decoding=\"async\" data-src=\"http:\/\/www.grupomodulo.com.br\/novo\/wp-content\/uploads\/2017\/12\/nh03-1.jpg\" alt=\"Blog image\" src=\"data:image\/svg+xml;base64,PHN2ZyB3aWR0aD0iMSIgaGVpZ2h0PSIxIiB4bWxucz0iaHR0cDovL3d3dy53My5vcmcvMjAwMC9zdmciPjwvc3ZnPg==\" class=\"lazyload\" style=\"--smush-placeholder-width: 370px; --smush-placeholder-aspect-ratio: 370\/262;\" \/><\/p>\n<p> <a href=\"new-holland-expande-atuacao-no-tocantins\"><\/a> <\/p>\n<h3 class=\"font-20\"><a href=\"new-holland-expande-atuacao-no-tocantins\">NEW HOLLAND EXPANDE ATUA\u00c7\u00c3O NO TOCANTINS<\/a><\/h3>\n<\/p>\n<\/p>\n<\/p>\n<\/p>\n<p><!-- 78c0d57de7ea9342d7da2d9463dc8619 --><\/div>\n","protected":false},"excerpt":{"rendered":"<p>Bem Vindo ao Grupo M\u00f3dulo Conhe\u00e7a nossas lojas, produtos, servi\u00e7os e entre em contato conosco para tirar d\u00favidas! Contate-nos Consulte o Agr\u00f4nomo Tire suas d\u00favidas diretamente com a nossa equipe Clique Aqui Conhe\u00e7a a M\u00f3dulo Tratores Clique aqui Bem Vindo aoGrupo M\u00f3dulo Conhe\u00e7a as nossas lojas e todos os produtos e servi\u00e7os que oferecemos Or\u00e7amento<a class=\"read-btn hvr-right more-link\" href=\"https:\/\/www.grupomodulo.com.br\/novo\/\">Leia Mais<\/a><\/p>\n","protected":false},"author":1,"featured_media":0,"parent":0,"menu_order":0,"comment_status":"closed","ping_status":"closed","template":"","meta":{"footnotes":""},"class_list":["post-29","page","type-page","status-publish","hentry"],"_links":{"self":[{"href":"https:\/\/www.grupomodulo.com.br\/novo\/wp-json\/wp\/v2\/pages\/29","targetHints":{"allow":["GET"]}}],"collection":[{"href":"https:\/\/www.grupomodulo.com.br\/novo\/wp-json\/wp\/v2\/pages"}],"about":[{"href":"https:\/\/www.grupomodulo.com.br\/novo\/wp-json\/wp\/v2\/types\/page"}],"author":[{"embeddable":true,"href":"https:\/\/www.grupomodulo.com.br\/novo\/wp-json\/wp\/v2\/users\/1"}],"replies":[{"embeddable":true,"href":"https:\/\/www.grupomodulo.com.br\/novo\/wp-json\/wp\/v2\/comments?post=29"}],"version-history":[{"count":30,"href":"https:\/\/www.grupomodulo.com.br\/novo\/wp-json\/wp\/v2\/pages\/29\/revisions"}],"predecessor-version":[{"id":1260,"href":"https:\/\/www.grupomodulo.com.br\/novo\/wp-json\/wp\/v2\/pages\/29\/revisions\/1260"}],"wp:attachment":[{"href":"https:\/\/www.grupomodulo.com.br\/novo\/wp-json\/wp\/v2\/media?parent=29"}],"curies":[{"name":"wp","href":"https:\/\/api.w.org\/{rel}","templated":true}]}}