{"id":297,"date":"2017-12-04T12:47:22","date_gmt":"2017-12-04T14:47:22","guid":{"rendered":"http:\/\/www.grupomodulo.com.br\/novo\/?page_id=297"},"modified":"2017-12-04T12:55:54","modified_gmt":"2017-12-04T14:55:54","slug":"visao-missao-e-valores","status":"publish","type":"page","link":"https:\/\/www.grupomodulo.com.br\/novo\/visao-missao-e-valores\/","title":{"rendered":"Vis\u00e3o, Miss\u00e3o e Valores"},"content":{"rendered":"<div class=\"fw-page-builder-content\">\n<h1 class=\"font-36 weight-bold montserrat uppercase white-color mb-20\">VIS\u00c3O, MISS\u00c3O E VALORES<\/h1>\n<h2 class=\"font-36 uppercase montserrat weight-bold mb-20\">Nossa Vis\u00e3o<\/h2>\n<\/p>\n<p style=\"text-align: center; font-size: 24px\" >Trabalhamos para promover a felicidade e admira\u00e7\u00e3o de todos, com ideias inovadoras, que influenciam para um mundo melhor.<\/p>\n<\/p>\n<h2 class=\"font-36 uppercase montserrat weight-bold mb-20\">NOSSA MISS\u00c3O<\/h2>\n<\/p>\n<p style=\"text-align: center; font-size: 24px\" >Oferecer as melhores solu\u00e7\u00f5es agropecu\u00e1rias, com base em nossos valores, contribuindo para o aumento sustent\u00e1vel da oferta de alimentos.<\/p>\n<\/p>\n<h2 class=\"font-36 uppercase montserrat weight-bold mb-20\">VALORES<\/h2>\n<\/p>\n<\/p>\n<h3 class=\"montserrat weight-regular font-26\">Compromisso<\/h3>\n<\/p>\n<h3 class=\"montserrat weight-regular font-26\">Inova\u00e7\u00e3o<\/h3>\n<\/p>\n<h3 class=\"montserrat weight-regular font-26\">Justi\u00e7a<\/h3>\n<\/p>\n<\/p>\n<\/p>\n<h3 class=\"montserrat weight-regular font-26\">Respeito<\/h3>\n<\/p>\n<h3 class=\"montserrat weight-regular font-26\">Seriedade<\/h3>\n<\/p>\n<h3 class=\"montserrat weight-regular font-26\">Verdade<\/h3>\n<\/p>\n<\/p>\n<\/p>\n<h3 class=\"montserrat weight-regular font-26\">Coragem<\/h3>\n<\/p>\n<\/p>\n<\/p>\n<p><!-- 2afb49e3804b29dceea117b7f4561033 --><\/div>\n","protected":false},"excerpt":{"rendered":"<p>VIS\u00c3O, MISS\u00c3O E VALORES Nossa Vis\u00e3o Trabalhamos para promover a felicidade e admira\u00e7\u00e3o de todos, com ideias inovadoras, que influenciam para um mundo melhor. NOSSA MISS\u00c3O Oferecer as melhores solu\u00e7\u00f5es agropecu\u00e1rias, com base em nossos valores, contribuindo para o aumento sustent\u00e1vel da oferta de alimentos. VALORES Compromisso Inova\u00e7\u00e3o Justi\u00e7a Respeito Seriedade Verdade Coragem<\/p>\n","protected":false},"author":1,"featured_media":0,"parent":0,"menu_order":0,"comment_status":"closed","ping_status":"closed","template":"","meta":{"footnotes":""},"class_list":["post-297","page","type-page","status-publish","hentry"],"_links":{"self":[{"href":"https:\/\/www.grupomodulo.com.br\/novo\/wp-json\/wp\/v2\/pages\/297","targetHints":{"allow":["GET"]}}],"collection":[{"href":"https:\/\/www.grupomodulo.com.br\/novo\/wp-json\/wp\/v2\/pages"}],"about":[{"href":"https:\/\/www.grupomodulo.com.br\/novo\/wp-json\/wp\/v2\/types\/page"}],"author":[{"embeddable":true,"href":"https:\/\/www.grupomodulo.com.br\/novo\/wp-json\/wp\/v2\/users\/1"}],"replies":[{"embeddable":true,"href":"https:\/\/www.grupomodulo.com.br\/novo\/wp-json\/wp\/v2\/comments?post=297"}],"version-history":[{"count":4,"href":"https:\/\/www.grupomodulo.com.br\/novo\/wp-json\/wp\/v2\/pages\/297\/revisions"}],"predecessor-version":[{"id":301,"href":"https:\/\/www.grupomodulo.com.br\/novo\/wp-json\/wp\/v2\/pages\/297\/revisions\/301"}],"wp:attachment":[{"href":"https:\/\/www.grupomodulo.com.br\/novo\/wp-json\/wp\/v2\/media?parent=297"}],"curies":[{"name":"wp","href":"https:\/\/api.w.org\/{rel}","templated":true}]}}