{"id":312,"date":"2017-12-04T13:01:10","date_gmt":"2017-12-04T15:01:10","guid":{"rendered":"http:\/\/www.grupomodulo.com.br\/novo\/?page_id=312"},"modified":"2017-12-19T15:30:51","modified_gmt":"2017-12-19T17:30:51","slug":"visao-sustentavel","status":"publish","type":"page","link":"https:\/\/www.grupomodulo.com.br\/novo\/visao-sustentavel\/","title":{"rendered":"Vis\u00e3o Sustent\u00e1vel"},"content":{"rendered":"<div class=\"fw-page-builder-content\">\n<h1 class=\"font-36 weight-bold montserrat uppercase white-color mb-20\">Vis\u00e3o Sustent\u00e1vel<\/h1>\n<h2 class=\"font-36 uppercase montserrat weight-bold mb-20\"> Grupo M\u00f3dulo <\/h2>\n<p class=\"font-16\"> As lojas do Grupo M\u00f3dulo, trabalhando alinhadas com os seus valores, vis\u00e3o e miss\u00e3o, tem o orgulho de apresentar alguns projetos de sustentabilidade realizados pelas nossas lojas ou apoiados por elas. <\/p>\n<\/p>\n<\/p>\n<p> <img decoding=\"async\" data-src=\"http:\/\/www.grupomodulo.com.br\/novo\/wp-content\/uploads\/2017\/12\/logo-2-e1512669160597.png\" alt=\"Blog image\" src=\"data:image\/svg+xml;base64,PHN2ZyB3aWR0aD0iMSIgaGVpZ2h0PSIxIiB4bWxucz0iaHR0cDovL3d3dy53My5vcmcvMjAwMC9zdmciPjwvc3ZnPg==\" class=\"lazyload\" style=\"--smush-placeholder-width: 150px; --smush-placeholder-aspect-ratio: 150\/119;\" \/><\/p>\n<p> <a href=\"programa-de-gestao-ambiental\"><\/a> <\/p>\n<h3 class=\"font-20\"><a href=\"programa-de-gestao-ambiental\">PROGRAMA DE GEST\u00c3O AMBIENTAL<\/a><\/h3>\n<\/p>\n<\/p>\n<p> <img decoding=\"async\" data-src=\"http:\/\/www.grupomodulo.com.br\/novo\/wp-content\/uploads\/2017\/12\/logo-2-e1512669160597.png\" alt=\"Blog image\" src=\"data:image\/svg+xml;base64,PHN2ZyB3aWR0aD0iMSIgaGVpZ2h0PSIxIiB4bWxucz0iaHR0cDovL3d3dy53My5vcmcvMjAwMC9zdmciPjwvc3ZnPg==\" class=\"lazyload\" style=\"--smush-placeholder-width: 150px; --smush-placeholder-aspect-ratio: 150\/119;\" \/><\/p>\n<p> <a href=\"programa-de-aplicacao-responsavel-da-dow\"><\/a> <\/p>\n<h3 class=\"font-20\"><a href=\"programa-de-aplicacao-responsavel-da-dow\">PROGRAMA DE APLICA\u00c7\u00c3O RESPONS\u00c1VEL DA DOW<\/a><\/h3>\n<\/p>\n<\/p>\n<p> <img decoding=\"async\" data-src=\"http:\/\/www.grupomodulo.com.br\/novo\/wp-content\/uploads\/2017\/12\/logo-2-e1512669160597.png\" alt=\"Blog image\" src=\"data:image\/svg+xml;base64,PHN2ZyB3aWR0aD0iMSIgaGVpZ2h0PSIxIiB4bWxucz0iaHR0cDovL3d3dy53My5vcmcvMjAwMC9zdmciPjwvc3ZnPg==\" class=\"lazyload\" style=\"--smush-placeholder-width: 150px; --smush-placeholder-aspect-ratio: 150\/119;\" \/><\/p>\n<p> <a href=\"projeto-de-descarte-de-residuos-reciclaveis\"><\/a> <\/p>\n<h3 class=\"font-20\"><a href=\"projeto-de-descarte-de-residuos-reciclaveis\">PROJETO DE DESCARTE DE RES\u00cdDUOS RECICL\u00c1VEIS<\/a><\/h3>\n<\/p>\n<\/p>\n<p> <img decoding=\"async\" data-src=\"http:\/\/www.grupomodulo.com.br\/novo\/wp-content\/uploads\/2017\/12\/logo-2-e1512669160597.png\" alt=\"Blog image\" src=\"data:image\/svg+xml;base64,PHN2ZyB3aWR0aD0iMSIgaGVpZ2h0PSIxIiB4bWxucz0iaHR0cDovL3d3dy53My5vcmcvMjAwMC9zdmciPjwvc3ZnPg==\" class=\"lazyload\" style=\"--smush-placeholder-width: 150px; --smush-placeholder-aspect-ratio: 150\/119;\" \/><\/p>\n<p> <a href=\"sul-da-bahia-em-acao\"><\/a> <\/p>\n<h3 class=\"font-20\"><a href=\"sul-da-bahia-em-acao\">SUL DA BAHIA EM A\u00c7\u00c3O<\/a><\/h3>\n<\/p>\n<\/p>\n<\/p>\n<\/p>\n<h2 class=\"font-36 uppercase montserrat weight-bold mb-20\"> NOSSOS PARCEIROS <\/h2>\n<\/p>\n<\/p>\n<p> <img decoding=\"async\" data-src=\"http:\/\/www.grupomodulo.com.br\/novo\/wp-content\/uploads\/2017\/12\/dow-logo-1-e1512669382469.jpeg\" alt=\"Blog image\" src=\"data:image\/svg+xml;base64,PHN2ZyB3aWR0aD0iMSIgaGVpZ2h0PSIxIiB4bWxucz0iaHR0cDovL3d3dy53My5vcmcvMjAwMC9zdmciPjwvc3ZnPg==\" class=\"lazyload\" style=\"--smush-placeholder-width: 150px; --smush-placeholder-aspect-ratio: 150\/60;\" \/><\/p>\n<p> <a href=\"dow-e-rio-2016\"><\/a> <\/p>\n<h3 class=\"font-20\"><a href=\"dow-e-rio-2016\">DOW E RIO 2016<\/a><\/h3>\n<\/p>\n<\/p>\n<p> <img decoding=\"async\" data-src=\"http:\/\/www.grupomodulo.com.br\/novo\/wp-content\/uploads\/2017\/12\/new-holland-agriculture-logo-E0FE0F2DB0-seeklogo.com_-e1512669402853.png\" alt=\"Blog image\" src=\"data:image\/svg+xml;base64,PHN2ZyB3aWR0aD0iMSIgaGVpZ2h0PSIxIiB4bWxucz0iaHR0cDovL3d3dy53My5vcmcvMjAwMC9zdmciPjwvc3ZnPg==\" class=\"lazyload\" style=\"--smush-placeholder-width: 150px; --smush-placeholder-aspect-ratio: 150\/46;\" \/><\/p>\n<p> <a href=\"new-holland-e-parceira-com-a-modulo-tratores\"><\/a> <\/p>\n<h3 class=\"font-20\"><a href=\"new-holland-e-parceira-com-a-modulo-tratores\">NEW HOLLAND E PARCEIRA COM A M\u00d3DULO TRATORES<\/a><\/h3>\n<\/p>\n<\/p>\n<\/p>\n<\/p>\n<p><!-- 612bf6e45fe7bfd95a8739b3f0600327 --><\/div>\n","protected":false},"excerpt":{"rendered":"<p>Vis\u00e3o Sustent\u00e1vel Grupo M\u00f3dulo As lojas do Grupo M\u00f3dulo, trabalhando alinhadas com os seus valores, vis\u00e3o e miss\u00e3o, tem o orgulho de apresentar alguns projetos de sustentabilidade realizados pelas nossas lojas ou apoiados por elas. PROGRAMA DE GEST\u00c3O AMBIENTAL PROGRAMA DE APLICA\u00c7\u00c3O RESPONS\u00c1VEL DA DOW PROJETO DE DESCARTE DE RES\u00cdDUOS RECICL\u00c1VEIS SUL DA BAHIA EM<a class=\"read-btn hvr-right more-link\" href=\"https:\/\/www.grupomodulo.com.br\/novo\/visao-sustentavel\/\">Leia Mais<\/a><\/p>\n","protected":false},"author":1,"featured_media":0,"parent":0,"menu_order":0,"comment_status":"closed","ping_status":"closed","template":"","meta":{"footnotes":""},"class_list":["post-312","page","type-page","status-publish","hentry"],"_links":{"self":[{"href":"https:\/\/www.grupomodulo.com.br\/novo\/wp-json\/wp\/v2\/pages\/312","targetHints":{"allow":["GET"]}}],"collection":[{"href":"https:\/\/www.grupomodulo.com.br\/novo\/wp-json\/wp\/v2\/pages"}],"about":[{"href":"https:\/\/www.grupomodulo.com.br\/novo\/wp-json\/wp\/v2\/types\/page"}],"author":[{"embeddable":true,"href":"https:\/\/www.grupomodulo.com.br\/novo\/wp-json\/wp\/v2\/users\/1"}],"replies":[{"embeddable":true,"href":"https:\/\/www.grupomodulo.com.br\/novo\/wp-json\/wp\/v2\/comments?post=312"}],"version-history":[{"count":7,"href":"https:\/\/www.grupomodulo.com.br\/novo\/wp-json\/wp\/v2\/pages\/312\/revisions"}],"predecessor-version":[{"id":1115,"href":"https:\/\/www.grupomodulo.com.br\/novo\/wp-json\/wp\/v2\/pages\/312\/revisions\/1115"}],"wp:attachment":[{"href":"https:\/\/www.grupomodulo.com.br\/novo\/wp-json\/wp\/v2\/media?parent=312"}],"curies":[{"name":"wp","href":"https:\/\/api.w.org\/{rel}","templated":true}]}}