{"id":315,"date":"2017-12-04T13:01:50","date_gmt":"2017-12-04T15:01:50","guid":{"rendered":"http:\/\/www.grupomodulo.com.br\/novo\/?page_id=315"},"modified":"2017-12-11T17:45:40","modified_gmt":"2017-12-11T19:45:40","slug":"trabalhe-conosco","status":"publish","type":"page","link":"https:\/\/www.grupomodulo.com.br\/novo\/trabalhe-conosco\/","title":{"rendered":"Trabalhe Conosco"},"content":{"rendered":"<div class=\"fw-page-builder-content\">\n<h1 class=\"font-36 weight-bold montserrat uppercase white-color mb-20\">Trabalhe Conosco<\/h1>\n<h1 class='fw-special-title'>Trabalhe Conosco<\/h1>\n<p> O Grupo M\u00f3dulo \u00e9 uma empresa reconhecida nacionalmente pela sua seriedade e compromisso com o resultado do seu cliente, contribui\u00e7\u00e3o para as comunidades vizinhas e respeito \u00e0s pessoas. Est\u00e1 no mercado h\u00e1 mais de 20 anos e vem crescendo, porque acredita que o sucesso e a inova\u00e7\u00e3o s\u00f3 acontecem com o empenho e valoriza\u00e7\u00e3o da sua equipe. Estamos em busca de pessoas que estejam alinhadas aos nossos valores, miss\u00e3o e vis\u00e3o e que queira crescer junto com a gente. Seja bem vindo ao Grupo M\u00f3dulo!<\/p>\n<p> Seu nome (obrigat\u00f3rio)\n <\/p>\n<p> Seu e-mail (obrigat\u00f3rio)\n <\/p>\n<p> Curriculum (obrigat\u00f3rio)\n <\/p>\n<p> Foto <\/p>\n<\/p>\n<p><!-- 480e22a2198596834885ba9028f777a8 --><\/div>\n","protected":false},"excerpt":{"rendered":"<p>Trabalhe Conosco Trabalhe Conosco O Grupo M\u00f3dulo \u00e9 uma empresa reconhecida nacionalmente pela sua seriedade e compromisso com o resultado do seu cliente, contribui\u00e7\u00e3o para as comunidades vizinhas e respeito \u00e0s pessoas. Est\u00e1 no mercado h\u00e1 mais de 20 anos e vem crescendo, porque acredita que o sucesso e a inova\u00e7\u00e3o s\u00f3 acontecem com o<a class=\"read-btn hvr-right more-link\" href=\"https:\/\/www.grupomodulo.com.br\/novo\/trabalhe-conosco\/\">Leia Mais<\/a><\/p>\n","protected":false},"author":1,"featured_media":0,"parent":0,"menu_order":0,"comment_status":"closed","ping_status":"closed","template":"","meta":{"footnotes":""},"class_list":["post-315","page","type-page","status-publish","hentry"],"_links":{"self":[{"href":"https:\/\/www.grupomodulo.com.br\/novo\/wp-json\/wp\/v2\/pages\/315","targetHints":{"allow":["GET"]}}],"collection":[{"href":"https:\/\/www.grupomodulo.com.br\/novo\/wp-json\/wp\/v2\/pages"}],"about":[{"href":"https:\/\/www.grupomodulo.com.br\/novo\/wp-json\/wp\/v2\/types\/page"}],"author":[{"embeddable":true,"href":"https:\/\/www.grupomodulo.com.br\/novo\/wp-json\/wp\/v2\/users\/1"}],"replies":[{"embeddable":true,"href":"https:\/\/www.grupomodulo.com.br\/novo\/wp-json\/wp\/v2\/comments?post=315"}],"version-history":[{"count":4,"href":"https:\/\/www.grupomodulo.com.br\/novo\/wp-json\/wp\/v2\/pages\/315\/revisions"}],"predecessor-version":[{"id":949,"href":"https:\/\/www.grupomodulo.com.br\/novo\/wp-json\/wp\/v2\/pages\/315\/revisions\/949"}],"wp:attachment":[{"href":"https:\/\/www.grupomodulo.com.br\/novo\/wp-json\/wp\/v2\/media?parent=315"}],"curies":[{"name":"wp","href":"https:\/\/api.w.org\/{rel}","templated":true}]}}