{"id":338,"date":"2017-12-05T13:19:45","date_gmt":"2017-12-05T15:19:45","guid":{"rendered":"http:\/\/www.grupomodulo.com.br\/novo\/?page_id=338"},"modified":"2017-12-19T13:07:39","modified_gmt":"2017-12-19T15:07:39","slug":"servicos-gerais","status":"publish","type":"page","link":"https:\/\/www.grupomodulo.com.br\/novo\/servicos-gerais\/","title":{"rendered":"Servi\u00e7os Gerais"},"content":{"rendered":"<div class=\"fw-page-builder-content\">\n<h1 class=\"font-36 weight-bold montserrat uppercase white-color mb-20\">Servi\u00e7os Gerais<\/h1>\n<h2 class=\"font-36 uppercase montserrat weight-bold mb-20\">Servi\u00e7os<\/h2>\n<p><img decoding=\"async\" data-src=\"http:\/\/www.grupomodulo.com.br\/novo\/wp-content\/uploads\/2017\/12\/s2.jpg\" alt=\"Tree Planting\" src=\"data:image\/svg+xml;base64,PHN2ZyB3aWR0aD0iMSIgaGVpZ2h0PSIxIiB4bWxucz0iaHR0cDovL3d3dy53My5vcmcvMjAwMC9zdmciPjwvc3ZnPg==\" class=\"lazyload\" style=\"--smush-placeholder-width: 500px; --smush-placeholder-aspect-ratio: 500\/381;\" \/><\/p>\n<p><img decoding=\"async\" data-src=\"http:\/\/www.grupomodulo.com.br\/novo\/wp-content\/uploads\/2017\/12\/1.png\" alt=\"Service Icon\" src=\"data:image\/svg+xml;base64,PHN2ZyB3aWR0aD0iMSIgaGVpZ2h0PSIxIiB4bWxucz0iaHR0cDovL3d3dy53My5vcmcvMjAwMC9zdmciPjwvc3ZnPg==\" class=\"lazyload\" style=\"--smush-placeholder-width: 62px; --smush-placeholder-aspect-ratio: 62\/41;\" \/><\/p>\n<h3 class=\"white-color mb-15 montserrat weight-regular\">Consultoria gratuita<\/h3>\n<p class=\"weight-light line-height-26 white-color\">Texto aqui texto aqui Texto aqui texto aqui Texto aqui texto aqui Texto aqui texto aqui.<\/p>\n<p><img decoding=\"async\" data-src=\"http:\/\/www.grupomodulo.com.br\/novo\/wp-content\/uploads\/2017\/12\/s3.jpg\" alt=\"Tree Planting\" src=\"data:image\/svg+xml;base64,PHN2ZyB3aWR0aD0iMSIgaGVpZ2h0PSIxIiB4bWxucz0iaHR0cDovL3d3dy53My5vcmcvMjAwMC9zdmciPjwvc3ZnPg==\" class=\"lazyload\" style=\"--smush-placeholder-width: 500px; --smush-placeholder-aspect-ratio: 500\/381;\" \/><\/p>\n<p><img decoding=\"async\" data-src=\"http:\/\/www.grupomodulo.com.br\/novo\/wp-content\/uploads\/2017\/12\/1.png\" alt=\"Service Icon\" src=\"data:image\/svg+xml;base64,PHN2ZyB3aWR0aD0iMSIgaGVpZ2h0PSIxIiB4bWxucz0iaHR0cDovL3d3dy53My5vcmcvMjAwMC9zdmciPjwvc3ZnPg==\" class=\"lazyload\" style=\"--smush-placeholder-width: 62px; --smush-placeholder-aspect-ratio: 62\/41;\" \/><\/p>\n<h3 class=\"white-color mb-15 montserrat weight-regular\">M\u00e1quinas Stihl<\/h3>\n<p class=\"weight-light line-height-26 white-color\">Texto aqui texto aqui Texto aqui texto aqui Texto aqui texto aqui Texto aqui texto aqui.<\/p>\n<p><img decoding=\"async\" data-src=\"http:\/\/www.grupomodulo.com.br\/novo\/wp-content\/uploads\/2017\/12\/s1.jpg\" alt=\"Tree Planting\" src=\"data:image\/svg+xml;base64,PHN2ZyB3aWR0aD0iMSIgaGVpZ2h0PSIxIiB4bWxucz0iaHR0cDovL3d3dy53My5vcmcvMjAwMC9zdmciPjwvc3ZnPg==\" class=\"lazyload\" style=\"--smush-placeholder-width: 500px; --smush-placeholder-aspect-ratio: 500\/381;\" \/><\/p>\n<p><img decoding=\"async\" data-src=\"http:\/\/www.grupomodulo.com.br\/novo\/wp-content\/uploads\/2017\/12\/1.png\" alt=\"Service Icon\" src=\"data:image\/svg+xml;base64,PHN2ZyB3aWR0aD0iMSIgaGVpZ2h0PSIxIiB4bWxucz0iaHR0cDovL3d3dy53My5vcmcvMjAwMC9zdmciPjwvc3ZnPg==\" class=\"lazyload\" style=\"--smush-placeholder-width: 62px; --smush-placeholder-aspect-ratio: 62\/41;\" \/><\/p>\n<h3 class=\"white-color mb-15 montserrat weight-regular\">Assit\u00eancia T\u00e9cnica<\/h3>\n<p class=\"weight-light line-height-26 white-color\">Texto aqui texto aqui Texto aqui texto aqui Texto aqui texto aqui Texto aqui texto aqui.<\/p>\n<\/p>\n<h1 class=\"floatleft white-color no-margin\">Alguma d\u00favida? Pergunte ao nosso Agr\u00f4nomo <\/h1>\n<p><a class=\"btn white-color button-aylen style-aylen black-white\" href=\"pergunte-ao-agronomo\/\">Clique aqui<\/a><\/p>\n<p><!-- a37af605d04548911e2d01c300113ebb --><\/div>\n","protected":false},"excerpt":{"rendered":"<p>Servi\u00e7os Gerais Servi\u00e7os Consultoria gratuita Texto aqui texto aqui Texto aqui texto aqui Texto aqui texto aqui Texto aqui texto aqui. M\u00e1quinas Stihl Texto aqui texto aqui Texto aqui texto aqui Texto aqui texto aqui Texto aqui texto aqui. Assit\u00eancia T\u00e9cnica Texto aqui texto aqui Texto aqui texto aqui Texto aqui texto aqui Texto aqui<a class=\"read-btn hvr-right more-link\" href=\"https:\/\/www.grupomodulo.com.br\/novo\/servicos-gerais\/\">Leia Mais<\/a><\/p>\n","protected":false},"author":1,"featured_media":0,"parent":0,"menu_order":0,"comment_status":"closed","ping_status":"closed","template":"","meta":{"footnotes":""},"class_list":["post-338","page","type-page","status-publish","hentry"],"_links":{"self":[{"href":"https:\/\/www.grupomodulo.com.br\/novo\/wp-json\/wp\/v2\/pages\/338","targetHints":{"allow":["GET"]}}],"collection":[{"href":"https:\/\/www.grupomodulo.com.br\/novo\/wp-json\/wp\/v2\/pages"}],"about":[{"href":"https:\/\/www.grupomodulo.com.br\/novo\/wp-json\/wp\/v2\/types\/page"}],"author":[{"embeddable":true,"href":"https:\/\/www.grupomodulo.com.br\/novo\/wp-json\/wp\/v2\/users\/1"}],"replies":[{"embeddable":true,"href":"https:\/\/www.grupomodulo.com.br\/novo\/wp-json\/wp\/v2\/comments?post=338"}],"version-history":[{"count":7,"href":"https:\/\/www.grupomodulo.com.br\/novo\/wp-json\/wp\/v2\/pages\/338\/revisions"}],"predecessor-version":[{"id":1075,"href":"https:\/\/www.grupomodulo.com.br\/novo\/wp-json\/wp\/v2\/pages\/338\/revisions\/1075"}],"wp:attachment":[{"href":"https:\/\/www.grupomodulo.com.br\/novo\/wp-json\/wp\/v2\/media?parent=338"}],"curies":[{"name":"wp","href":"https:\/\/api.w.org\/{rel}","templated":true}]}}