{"id":348,"date":"2017-12-05T13:25:43","date_gmt":"2017-12-05T15:25:43","guid":{"rendered":"http:\/\/www.grupomodulo.com.br\/novo\/?page_id=348"},"modified":"2017-12-19T15:39:10","modified_gmt":"2017-12-19T17:39:10","slug":"treinamentos","status":"publish","type":"page","link":"https:\/\/www.grupomodulo.com.br\/novo\/treinamentos\/","title":{"rendered":"Treinamentos"},"content":{"rendered":"<div class=\"fw-page-builder-content\">\n<h1 class=\"font-36 weight-bold montserrat uppercase white-color mb-20\">Treinamentos<\/h1>\n<h2 class=\"font-36 uppercase montserrat weight-bold mb-20\"> TREINAMENTOS REALIZADOS <\/h2>\n<p class=\"font-16\"> Conhe\u00e7a alguns dos treinamentos promovidos pelo Grupo M\u00f3dulo <\/p>\n<\/p>\n<\/p>\n<p> <img decoding=\"async\" data-src=\"http:\/\/www.grupomodulo.com.br\/novo\/wp-content\/uploads\/2017\/12\/blog3.jpg\" alt=\"Blog image\" src=\"data:image\/svg+xml;base64,PHN2ZyB3aWR0aD0iMSIgaGVpZ2h0PSIxIiB4bWxucz0iaHR0cDovL3d3dy53My5vcmcvMjAwMC9zdmciPjwvc3ZnPg==\" class=\"lazyload\" style=\"--smush-placeholder-width: 370px; --smush-placeholder-aspect-ratio: 370\/262;\" \/><\/p>\n<p> <a href=\"treinamento-e-demonstracao-do-perfurador-de-solo-stihl\"><\/a> <\/p>\n<h3 class=\"font-20\"><a href=\"treinamento-e-demonstracao-do-perfurador-de-solo-stihl\">TREINAMENTO E DEMONSTRA\u00c7\u00c3O DO PERFURADOR DE SOLO STIHL<\/a><\/h3>\n<\/p>\n<\/p>\n<p> <img decoding=\"async\" data-src=\"http:\/\/www.grupomodulo.com.br\/novo\/wp-content\/uploads\/2017\/12\/blog2.jpeg\" alt=\"Blog image\" src=\"data:image\/svg+xml;base64,PHN2ZyB3aWR0aD0iMSIgaGVpZ2h0PSIxIiB4bWxucz0iaHR0cDovL3d3dy53My5vcmcvMjAwMC9zdmciPjwvc3ZnPg==\" class=\"lazyload\" style=\"--smush-placeholder-width: 370px; --smush-placeholder-aspect-ratio: 370\/262;\" \/><\/p>\n<p> <a href=\"adama\"><\/a> <\/p>\n<h3 class=\"font-20\"><a href=\"adama\">Treinamento dos Produtos ADAMA<\/a><\/h3>\n<\/p>\n<\/p>\n<p> <img decoding=\"async\" data-src=\"http:\/\/www.grupomodulo.com.br\/novo\/wp-content\/uploads\/2017\/12\/blog4.jpg\" alt=\"Blog image\" src=\"data:image\/svg+xml;base64,PHN2ZyB3aWR0aD0iMSIgaGVpZ2h0PSIxIiB4bWxucz0iaHR0cDovL3d3dy53My5vcmcvMjAwMC9zdmciPjwvc3ZnPg==\" class=\"lazyload\" style=\"--smush-placeholder-width: 370px; --smush-placeholder-aspect-ratio: 370\/262;\" \/><\/p>\n<p> <a href=\"treinamento-operacao-e-manutencao-preventiva-em-pulverizadores\"><\/a> <\/p>\n<h3 class=\"font-20\"><a href=\"treinamento-operacao-e-manutencao-preventiva-em-pulverizadores\">TREINAMENTO OPERA\u00c7\u00c3O E MANUTEN\u00c7\u00c3O PREVENTIVA EM PULVERIZADORES<\/a><\/h3>\n<\/p>\n<\/p>\n<p> <img decoding=\"async\" data-src=\"http:\/\/www.grupomodulo.com.br\/novo\/wp-content\/uploads\/2017\/12\/1604-New-Holland-T6-180-Stage-IVB-A.jpg\" alt=\"Blog image\" src=\"data:image\/svg+xml;base64,PHN2ZyB3aWR0aD0iMSIgaGVpZ2h0PSIxIiB4bWxucz0iaHR0cDovL3d3dy53My5vcmcvMjAwMC9zdmciPjwvc3ZnPg==\" class=\"lazyload\" style=\"--smush-placeholder-width: 370px; --smush-placeholder-aspect-ratio: 370\/262;\" \/><\/p>\n<p> <a href=\"new-holland-parceira-do-modulo-tratores-promove-maior-treinamento-comercial-da-america-latina\"><\/a> <\/p>\n<h3 class=\"font-20\"><a href=\"new-holland-parceira-do-modulo-tratores-promove-maior-treinamento-comercial-da-america-latina\">NEW HOLLAND, PARCEIRA DO M\u00d3DULO TRATORES, PROMOVE MAIOR TREINAMENTO COMERCIAL DA AM\u00c9RICA LATINA<\/a><\/h3>\n<\/p>\n<\/p>\n<p> <img decoding=\"async\" data-src=\"http:\/\/www.grupomodulo.com.br\/novo\/wp-content\/uploads\/2017\/12\/Dia_na_Varanda_7-Copia.jpg\" alt=\"Blog image\" src=\"data:image\/svg+xml;base64,PHN2ZyB3aWR0aD0iMSIgaGVpZ2h0PSIxIiB4bWxucz0iaHR0cDovL3d3dy53My5vcmcvMjAwMC9zdmciPjwvc3ZnPg==\" class=\"lazyload\" style=\"--smush-placeholder-width: 370px; --smush-placeholder-aspect-ratio: 370\/262;\" \/><\/p>\n<p> <a href=\"curso-de-producao-animal-em-pasto-dia-08-de-dezembro-em-cruz-das-almas\"><\/a> <\/p>\n<h3 class=\"font-20\"><a href=\"curso-de-producao-animal-em-pasto-dia-08-de-dezembro-em-cruz-das-almas\">CURSO DE PRODU\u00c7\u00c3O ANIMAL EM PASTO &#8211; DIA 08 DE DEZEMBRO EM CRUZ DAS ALMAS<\/a><\/h3>\n<\/p>\n<\/p>\n<p> <img decoding=\"async\" data-src=\"http:\/\/www.grupomodulo.com.br\/novo\/wp-content\/uploads\/2017\/12\/Fazu1.jpg\" alt=\"Blog image\" src=\"data:image\/svg+xml;base64,PHN2ZyB3aWR0aD0iMSIgaGVpZ2h0PSIxIiB4bWxucz0iaHR0cDovL3d3dy53My5vcmcvMjAwMC9zdmciPjwvc3ZnPg==\" class=\"lazyload\" style=\"--smush-placeholder-width: 370px; --smush-placeholder-aspect-ratio: 370\/262;\" \/><\/p>\n<p> <a href=\"pos-graduacao-em-pastagem-na-fazu-em-uberaba-mg\"><\/a> <\/p>\n<h3 class=\"font-20\"><a href=\"pos-graduacao-em-pastagem-na-fazu-em-uberaba-mg\">P\u00d3S GRADUA\u00c7\u00c3O EM PASTAGEM NA FAZU EM UBERABA MG<\/a><\/h3>\n<\/p>\n<\/p>\n<p> <img decoding=\"async\" data-src=\"http:\/\/www.grupomodulo.com.br\/novo\/wp-content\/uploads\/2017\/12\/IMG-20160801-WA0006-Copia.jpg\" alt=\"Blog image\" src=\"data:image\/svg+xml;base64,PHN2ZyB3aWR0aD0iMSIgaGVpZ2h0PSIxIiB4bWxucz0iaHR0cDovL3d3dy53My5vcmcvMjAwMC9zdmciPjwvc3ZnPg==\" class=\"lazyload\" style=\"--smush-placeholder-width: 370px; --smush-placeholder-aspect-ratio: 370\/262;\" \/><\/p>\n<p> <a href=\"formatura-de-maria\"><\/a> <\/p>\n<h3 class=\"font-20\"><a href=\"formatura-de-maria\">FORMATURA DE MARIA<\/a><\/h3>\n<\/p>\n<\/p>\n<p> <img decoding=\"async\" data-src=\"http:\/\/www.grupomodulo.com.br\/novo\/wp-content\/uploads\/2017\/12\/p.jpg\" alt=\"Blog image\" src=\"data:image\/svg+xml;base64,PHN2ZyB3aWR0aD0iMSIgaGVpZ2h0PSIxIiB4bWxucz0iaHR0cDovL3d3dy53My5vcmcvMjAwMC9zdmciPjwvc3ZnPg==\" class=\"lazyload\" style=\"--smush-placeholder-width: 370px; --smush-placeholder-aspect-ratio: 370\/262;\" \/><\/p>\n<p> <a href=\"palestra-com-adilson-de-paula\"><\/a> <\/p>\n<h3 class=\"font-20\"><a href=\"palestra-com-adilson-de-paula\">PALESTRA COM ADILSON DE PAULA<\/a><\/h3>\n<\/p>\n<\/p>\n<p> <img decoding=\"async\" data-src=\"http:\/\/www.grupomodulo.com.br\/novo\/wp-content\/uploads\/2017\/12\/blog1.jpeg\" alt=\"Blog image\" src=\"data:image\/svg+xml;base64,PHN2ZyB3aWR0aD0iMSIgaGVpZ2h0PSIxIiB4bWxucz0iaHR0cDovL3d3dy53My5vcmcvMjAwMC9zdmciPjwvc3ZnPg==\" class=\"lazyload\" style=\"--smush-placeholder-width: 370px; --smush-placeholder-aspect-ratio: 370\/262;\" \/><\/p>\n<p> <a href=\"treinamento-comercial-da-modulo-tratores\"><\/a> <\/p>\n<h3 class=\"font-20\"><a href=\"treinamento-comercial-da-modulo-tratores\">TREINAMENTO COMERCIAL DA M\u00d3DULO TRATORES<\/a><\/h3>\n<\/p>\n<\/p>\n<\/p>\n<\/p>\n<p><!-- 6da93b7755249e8ba55e79cc7349b9d7 --><\/div>\n","protected":false},"excerpt":{"rendered":"<p>Treinamentos TREINAMENTOS REALIZADOS Conhe\u00e7a alguns dos treinamentos promovidos pelo Grupo M\u00f3dulo TREINAMENTO E DEMONSTRA\u00c7\u00c3O DO PERFURADOR DE SOLO STIHL Treinamento dos Produtos ADAMA TREINAMENTO OPERA\u00c7\u00c3O E MANUTEN\u00c7\u00c3O PREVENTIVA EM PULVERIZADORES NEW HOLLAND, PARCEIRA DO M\u00d3DULO TRATORES, PROMOVE MAIOR TREINAMENTO COMERCIAL DA AM\u00c9RICA LATINA CURSO DE PRODU\u00c7\u00c3O ANIMAL EM PASTO &#8211; DIA 08 DE DEZEMBRO EM<a class=\"read-btn hvr-right more-link\" href=\"https:\/\/www.grupomodulo.com.br\/novo\/treinamentos\/\">Leia Mais<\/a><\/p>\n","protected":false},"author":1,"featured_media":0,"parent":0,"menu_order":0,"comment_status":"closed","ping_status":"closed","template":"","meta":{"footnotes":""},"class_list":["post-348","page","type-page","status-publish","hentry"],"_links":{"self":[{"href":"https:\/\/www.grupomodulo.com.br\/novo\/wp-json\/wp\/v2\/pages\/348","targetHints":{"allow":["GET"]}}],"collection":[{"href":"https:\/\/www.grupomodulo.com.br\/novo\/wp-json\/wp\/v2\/pages"}],"about":[{"href":"https:\/\/www.grupomodulo.com.br\/novo\/wp-json\/wp\/v2\/types\/page"}],"author":[{"embeddable":true,"href":"https:\/\/www.grupomodulo.com.br\/novo\/wp-json\/wp\/v2\/users\/1"}],"replies":[{"embeddable":true,"href":"https:\/\/www.grupomodulo.com.br\/novo\/wp-json\/wp\/v2\/comments?post=348"}],"version-history":[{"count":16,"href":"https:\/\/www.grupomodulo.com.br\/novo\/wp-json\/wp\/v2\/pages\/348\/revisions"}],"predecessor-version":[{"id":1116,"href":"https:\/\/www.grupomodulo.com.br\/novo\/wp-json\/wp\/v2\/pages\/348\/revisions\/1116"}],"wp:attachment":[{"href":"https:\/\/www.grupomodulo.com.br\/novo\/wp-json\/wp\/v2\/media?parent=348"}],"curies":[{"name":"wp","href":"https:\/\/api.w.org\/{rel}","templated":true}]}}