{"id":351,"date":"2017-12-05T13:27:32","date_gmt":"2017-12-05T15:27:32","guid":{"rendered":"http:\/\/www.grupomodulo.com.br\/novo\/?page_id=351"},"modified":"2018-03-05T09:06:18","modified_gmt":"2018-03-05T12:06:18","slug":"boletim-new-holland","status":"publish","type":"page","link":"https:\/\/www.grupomodulo.com.br\/novo\/boletim-new-holland\/","title":{"rendered":"Boletim New Holland"},"content":{"rendered":"<div class=\"fw-page-builder-content\">\n<h1 class=\"font-36 weight-bold montserrat uppercase white-color mb-20\">Boletim New Holland<\/h1>\n<h2 class=\"font-36 uppercase montserrat weight-bold mb-20\">Informativos<\/h2>\n<p class=\"font-16\">Not\u00edcias sobre a New Holland<\/p>\n<\/p>\n<\/p>\n<p> <img decoding=\"async\" data-src=\"http:\/\/www.grupomodulo.com.br\/novo\/wp-content\/uploads\/2018\/03\/min-01.jpg\" alt=\"Blog image\" src=\"data:image\/svg+xml;base64,PHN2ZyB3aWR0aD0iMSIgaGVpZ2h0PSIxIiB4bWxucz0iaHR0cDovL3d3dy53My5vcmcvMjAwMC9zdmciPjwvc3ZnPg==\" class=\"lazyload\" style=\"--smush-placeholder-width: 370px; --smush-placeholder-aspect-ratio: 370\/262;\" \/><\/p>\n<\/p>\n<h3 class=\"font-20\"><a href=\"http:\/\/www.grupomodulo.com.br\/novo\/new-holland-presente-na-abertura-oficial-da-colheita-do-arroz\/\">New Holland presente na Abertura Oficial da Colheita do Arroz<\/a><\/h3>\n<\/p>\n<\/p>\n<p> <img decoding=\"async\" data-src=\"http:\/\/www.grupomodulo.com.br\/novo\/wp-content\/uploads\/2018\/01\/soja.jpg\" alt=\"Blog image\" src=\"data:image\/svg+xml;base64,PHN2ZyB3aWR0aD0iMSIgaGVpZ2h0PSIxIiB4bWxucz0iaHR0cDovL3d3dy53My5vcmcvMjAwMC9zdmciPjwvc3ZnPg==\" class=\"lazyload\" style=\"--smush-placeholder-width: 370px; --smush-placeholder-aspect-ratio: 370\/262;\" \/><\/p>\n<\/p>\n<h3 class=\"font-20\"><a href=\"comeca-oficialmente-a-safra-de-soja-17-18\">Come\u00e7a oficialmente a safra de soja 17\/18<\/a><\/h3>\n<\/p>\n<\/p>\n<p> <img decoding=\"async\" data-src=\"http:\/\/www.grupomodulo.com.br\/novo\/wp-content\/uploads\/2017\/12\/bnh27-09-01-1.jpg\" alt=\"Blog image\" src=\"data:image\/svg+xml;base64,PHN2ZyB3aWR0aD0iMSIgaGVpZ2h0PSIxIiB4bWxucz0iaHR0cDovL3d3dy53My5vcmcvMjAwMC9zdmciPjwvc3ZnPg==\" class=\"lazyload\" style=\"--smush-placeholder-width: 370px; --smush-placeholder-aspect-ratio: 370\/262;\" \/><\/p>\n<\/p>\n<h3 class=\"font-20\"><a href=\"new-holland-apresenta-trator-movido-a-biometano-na-digital-agro\">NEW HOLLAND APRESENTA TRATOR MOVIDO A BIOMETANO NA DIGITAL AGRO<\/a><\/h3>\n<\/p>\n<\/p>\n<p> <img decoding=\"async\" data-src=\"http:\/\/www.grupomodulo.com.br\/novo\/wp-content\/uploads\/2017\/12\/1-6.jpg\" alt=\"Blog image\" src=\"data:image\/svg+xml;base64,PHN2ZyB3aWR0aD0iMSIgaGVpZ2h0PSIxIiB4bWxucz0iaHR0cDovL3d3dy53My5vcmcvMjAwMC9zdmciPjwvc3ZnPg==\" class=\"lazyload\" style=\"--smush-placeholder-width: 370px; --smush-placeholder-aspect-ratio: 370\/262;\" \/><\/p>\n<\/p>\n<h3 class=\"font-20\"><a href=\"clientes-conhecem-fabrica-da-cnhi-em-piracicaba\">CLIENTES CONHECEM F\u00c1BRICA DA CNHI EM PIRACICABA<\/a><\/h3>\n<\/p>\n<\/p>\n<p> <img decoding=\"async\" data-src=\"http:\/\/www.grupomodulo.com.br\/novo\/wp-content\/uploads\/2017\/12\/1-8.jpg\" alt=\"Blog image\" src=\"data:image\/svg+xml;base64,PHN2ZyB3aWR0aD0iMSIgaGVpZ2h0PSIxIiB4bWxucz0iaHR0cDovL3d3dy53My5vcmcvMjAwMC9zdmciPjwvc3ZnPg==\" class=\"lazyload\" style=\"--smush-placeholder-width: 370px; --smush-placeholder-aspect-ratio: 370\/262;\" \/><\/p>\n<\/p>\n<h3 class=\"font-20\"><a href=\"new-holland-attack-tem-sucesso-de-publico-e-acoes\">NEW HOLLAND ATTACK TEM SUCESSO DE P\u00daBLICO E A\u00c7\u00d5ES<\/a><\/h3>\n<\/p>\n<\/p>\n<p> <img decoding=\"async\" data-src=\"http:\/\/www.grupomodulo.com.br\/novo\/wp-content\/uploads\/2017\/12\/nh02unnamed-1.jpg\" alt=\"Blog image\" src=\"data:image\/svg+xml;base64,PHN2ZyB3aWR0aD0iMSIgaGVpZ2h0PSIxIiB4bWxucz0iaHR0cDovL3d3dy53My5vcmcvMjAwMC9zdmciPjwvc3ZnPg==\" class=\"lazyload\" style=\"--smush-placeholder-width: 370px; --smush-placeholder-aspect-ratio: 370\/262;\" \/><\/p>\n<\/p>\n<h3 class=\"font-20\"><a href=\"new-holland-agriculture-participa-de-abertura-nacional-do-plantio-da-soja\">NEW HOLLAND AGRICULTURE PARTICIPA DE ABERTURA NACIONAL DO PLANTIO DA SOJA<\/a><\/h3>\n<\/p>\n<\/p>\n<p> <img decoding=\"async\" data-src=\"http:\/\/www.grupomodulo.com.br\/novo\/wp-content\/uploads\/2017\/12\/o-1.jpg\" alt=\"Blog image\" src=\"data:image\/svg+xml;base64,PHN2ZyB3aWR0aD0iMSIgaGVpZ2h0PSIxIiB4bWxucz0iaHR0cDovL3d3dy53My5vcmcvMjAwMC9zdmciPjwvc3ZnPg==\" class=\"lazyload\" style=\"--smush-placeholder-width: 370px; --smush-placeholder-aspect-ratio: 370\/262;\" \/><\/p>\n<\/p>\n<h3 class=\"font-20\"><a href=\"o-maior-treinamento-da-america-latina-desta-vez-no-paraguai\">O MAIOR TREINAMENTO DA AM\u00c9RICA LATINA DESTA VEZ NO PARAGUAI<\/a><\/h3>\n<\/p>\n<\/p>\n<p> <img decoding=\"async\" data-src=\"http:\/\/www.grupomodulo.com.br\/novo\/wp-content\/uploads\/2017\/12\/unnamed_-01023-1.jpg\" alt=\"Blog image\" src=\"data:image\/svg+xml;base64,PHN2ZyB3aWR0aD0iMSIgaGVpZ2h0PSIxIiB4bWxucz0iaHR0cDovL3d3dy53My5vcmcvMjAwMC9zdmciPjwvc3ZnPg==\" class=\"lazyload\" style=\"--smush-placeholder-width: 370px; --smush-placeholder-aspect-ratio: 370\/262;\" \/><\/p>\n<\/p>\n<h3 class=\"font-20\"><a href=\"assista-a-new-holland-agriculture-no-programa-marcas-e-maquinas\">ASSISTA A NEW HOLLAND AGRICULTURE NO PROGRAMA MARCAS E M\u00c1QUINAS<\/a><\/h3>\n<\/p>\n<\/p>\n<p> <img decoding=\"async\" data-src=\"http:\/\/www.grupomodulo.com.br\/novo\/wp-content\/uploads\/2017\/12\/1-10.jpg\" alt=\"Blog image\" src=\"data:image\/svg+xml;base64,PHN2ZyB3aWR0aD0iMSIgaGVpZ2h0PSIxIiB4bWxucz0iaHR0cDovL3d3dy53My5vcmcvMjAwMC9zdmciPjwvc3ZnPg==\" class=\"lazyload\" style=\"--smush-placeholder-width: 370px; --smush-placeholder-aspect-ratio: 370\/262;\" \/><\/p>\n<\/p>\n<h3 class=\"font-20\"><a href=\"fabrica-da-new-holland-recebe-visita-de-clientes-da-coopercitrus\">F\u00c1BRICA DA NEW HOLLAND RECEBE VISITA DE CLIENTES DA COOPERCITRUS<\/a><\/h3>\n<\/p>\n<\/p>\n<p> <img decoding=\"async\" data-src=\"http:\/\/www.grupomodulo.com.br\/novo\/wp-content\/uploads\/2017\/12\/5-5.jpg\" alt=\"Blog image\" src=\"data:image\/svg+xml;base64,PHN2ZyB3aWR0aD0iMSIgaGVpZ2h0PSIxIiB4bWxucz0iaHR0cDovL3d3dy53My5vcmcvMjAwMC9zdmciPjwvc3ZnPg==\" class=\"lazyload\" style=\"--smush-placeholder-width: 370px; --smush-placeholder-aspect-ratio: 370\/262;\" \/><\/p>\n<\/p>\n<h3 class=\"font-20\"><a href=\"presidente-mundial-da-new-holland-visita-cooperativa-no-distrito-federal\">PRESIDENTE MUNDIAL DA NEW HOLLAND VISITA COOPERATIVA NO DISTRITO FEDERAL<\/a><\/h3>\n<\/p>\n<\/p>\n<p> <img decoding=\"async\" data-src=\"http:\/\/www.grupomodulo.com.br\/novo\/wp-content\/uploads\/2017\/12\/01unnamed-1.jpg\" alt=\"Blog image\" src=\"data:image\/svg+xml;base64,PHN2ZyB3aWR0aD0iMSIgaGVpZ2h0PSIxIiB4bWxucz0iaHR0cDovL3d3dy53My5vcmcvMjAwMC9zdmciPjwvc3ZnPg==\" class=\"lazyload\" style=\"--smush-placeholder-width: 370px; --smush-placeholder-aspect-ratio: 370\/262;\" \/><\/p>\n<\/p>\n<h3 class=\"font-20\"><a href=\"new-holland-na-bahia-farm-show\">NEW HOLLAND NA BAHIA FARM SHOW<\/a><\/h3>\n<\/p>\n<\/p>\n<p> <img decoding=\"async\" data-src=\"http:\/\/www.grupomodulo.com.br\/novo\/wp-content\/uploads\/2017\/12\/nh03-1.jpg\" alt=\"Blog image\" src=\"data:image\/svg+xml;base64,PHN2ZyB3aWR0aD0iMSIgaGVpZ2h0PSIxIiB4bWxucz0iaHR0cDovL3d3dy53My5vcmcvMjAwMC9zdmciPjwvc3ZnPg==\" class=\"lazyload\" style=\"--smush-placeholder-width: 370px; --smush-placeholder-aspect-ratio: 370\/262;\" \/><\/p>\n<\/p>\n<h3 class=\"font-20\"><a href=\"new-holland-expande-atuacao-no-tocantins\">NEW HOLLAND EXPANDE ATUA\u00c7\u00c3O NO TOCANTINS<\/a><\/h3>\n<\/p>\n<\/p>\n<\/p>\n<\/p>\n<p><!-- 5ed260ffe761028f201eb9defbe3cafd --><\/div>\n","protected":false},"excerpt":{"rendered":"<p>Boletim New Holland Informativos Not\u00edcias sobre a New Holland New Holland presente na Abertura Oficial da Colheita do Arroz Come\u00e7a oficialmente a safra de soja 17\/18 NEW HOLLAND APRESENTA TRATOR MOVIDO A BIOMETANO NA DIGITAL AGRO CLIENTES CONHECEM F\u00c1BRICA DA CNHI EM PIRACICABA NEW HOLLAND ATTACK TEM SUCESSO DE P\u00daBLICO E A\u00c7\u00d5ES NEW HOLLAND AGRICULTURE<a class=\"read-btn hvr-right more-link\" href=\"https:\/\/www.grupomodulo.com.br\/novo\/boletim-new-holland\/\">Leia Mais<\/a><\/p>\n","protected":false},"author":1,"featured_media":0,"parent":0,"menu_order":0,"comment_status":"closed","ping_status":"closed","template":"","meta":{"footnotes":""},"class_list":["post-351","page","type-page","status-publish","hentry"],"_links":{"self":[{"href":"https:\/\/www.grupomodulo.com.br\/novo\/wp-json\/wp\/v2\/pages\/351","targetHints":{"allow":["GET"]}}],"collection":[{"href":"https:\/\/www.grupomodulo.com.br\/novo\/wp-json\/wp\/v2\/pages"}],"about":[{"href":"https:\/\/www.grupomodulo.com.br\/novo\/wp-json\/wp\/v2\/types\/page"}],"author":[{"embeddable":true,"href":"https:\/\/www.grupomodulo.com.br\/novo\/wp-json\/wp\/v2\/users\/1"}],"replies":[{"embeddable":true,"href":"https:\/\/www.grupomodulo.com.br\/novo\/wp-json\/wp\/v2\/comments?post=351"}],"version-history":[{"count":9,"href":"https:\/\/www.grupomodulo.com.br\/novo\/wp-json\/wp\/v2\/pages\/351\/revisions"}],"predecessor-version":[{"id":1164,"href":"https:\/\/www.grupomodulo.com.br\/novo\/wp-json\/wp\/v2\/pages\/351\/revisions\/1164"}],"wp:attachment":[{"href":"https:\/\/www.grupomodulo.com.br\/novo\/wp-json\/wp\/v2\/media?parent=351"}],"curies":[{"name":"wp","href":"https:\/\/api.w.org\/{rel}","templated":true}]}}