{"id":488,"date":"2017-12-06T10:57:14","date_gmt":"2017-12-06T12:57:14","guid":{"rendered":"http:\/\/www.grupomodulo.com.br\/novo\/?page_id=488"},"modified":"2017-12-11T17:59:38","modified_gmt":"2017-12-11T19:59:38","slug":"orcamento-online","status":"publish","type":"page","link":"https:\/\/www.grupomodulo.com.br\/novo\/orcamento-online\/","title":{"rendered":"Or\u00e7amento Online"},"content":{"rendered":"<div class=\"fw-page-builder-content\">\n<h1 class=\"font-36 weight-bold montserrat uppercase white-color mb-20\">Or\u00e7amento Online<\/h1>\n<h1 class='fw-special-title'>Or\u00e7amento Online<\/h1>\n<p> Preencha o formul\u00e1rio com os dados solicitados, para que possamos lhe enviar o or\u00e7amento.<\/p>\n<p> Seu nome (obrigat\u00f3rio)\n <\/p>\n<p> Seu e-mail (obrigat\u00f3rio)\n <\/p>\n<p> Confirmar e-mail (obrigat\u00f3rio)\n <\/p>\n<p> Telefone\n <\/p>\n<p> Cidade (obrigat\u00f3rio)\n <\/p>\n<p> Liste os produtos desejados ou descreva o seu problema, que sugeriremos uma solu\u00e7\u00e3o.\n <\/p>\n<\/p>\n<p><!-- 2e7c9e6ea70120f2528ebe257a214716 --><\/div>\n","protected":false},"excerpt":{"rendered":"<p>Or\u00e7amento Online Or\u00e7amento Online Preencha o formul\u00e1rio com os dados solicitados, para que possamos lhe enviar o or\u00e7amento. Seu nome (obrigat\u00f3rio) Seu e-mail (obrigat\u00f3rio) Confirmar e-mail (obrigat\u00f3rio) Telefone Cidade (obrigat\u00f3rio) Liste os produtos desejados ou descreva o seu problema, que sugeriremos uma solu\u00e7\u00e3o.<\/p>\n","protected":false},"author":1,"featured_media":0,"parent":0,"menu_order":0,"comment_status":"closed","ping_status":"closed","template":"","meta":{"footnotes":""},"class_list":["post-488","page","type-page","status-publish","hentry"],"_links":{"self":[{"href":"https:\/\/www.grupomodulo.com.br\/novo\/wp-json\/wp\/v2\/pages\/488","targetHints":{"allow":["GET"]}}],"collection":[{"href":"https:\/\/www.grupomodulo.com.br\/novo\/wp-json\/wp\/v2\/pages"}],"about":[{"href":"https:\/\/www.grupomodulo.com.br\/novo\/wp-json\/wp\/v2\/types\/page"}],"author":[{"embeddable":true,"href":"https:\/\/www.grupomodulo.com.br\/novo\/wp-json\/wp\/v2\/users\/1"}],"replies":[{"embeddable":true,"href":"https:\/\/www.grupomodulo.com.br\/novo\/wp-json\/wp\/v2\/comments?post=488"}],"version-history":[{"count":4,"href":"https:\/\/www.grupomodulo.com.br\/novo\/wp-json\/wp\/v2\/pages\/488\/revisions"}],"predecessor-version":[{"id":953,"href":"https:\/\/www.grupomodulo.com.br\/novo\/wp-json\/wp\/v2\/pages\/488\/revisions\/953"}],"wp:attachment":[{"href":"https:\/\/www.grupomodulo.com.br\/novo\/wp-json\/wp\/v2\/media?parent=488"}],"curies":[{"name":"wp","href":"https:\/\/api.w.org\/{rel}","templated":true}]}}