{"id":491,"date":"2017-12-06T10:57:49","date_gmt":"2017-12-06T12:57:49","guid":{"rendered":"http:\/\/www.grupomodulo.com.br\/novo\/?page_id=491"},"modified":"2018-01-16T11:17:32","modified_gmt":"2018-01-16T14:17:32","slug":"noticias","status":"publish","type":"page","link":"https:\/\/www.grupomodulo.com.br\/novo\/noticias\/","title":{"rendered":"Not\u00edcias"},"content":{"rendered":"<div class=\"fw-page-builder-content\">\n<h1 class=\"font-36 weight-bold montserrat uppercase white-color mb-20\">Not\u00edcias<\/h1>\n<h2 class=\"font-36 uppercase montserrat weight-bold mb-20\">Informativos<\/h2>\n<p class=\"font-16\">Fique por dentro das \u00faltimas noticias<\/p>\n<p> <img decoding=\"async\" data-src=\"https:\/\/www.agrolink.com.br\/upload\/imagens-resizes\/312acd67a29d4643b529577ec9c2d82c_200x200.jpg\" alt=\"Blog image\" src=\"data:image\/svg+xml;base64,PHN2ZyB3aWR0aD0iMSIgaGVpZ2h0PSIxIiB4bWxucz0iaHR0cDovL3d3dy53My5vcmcvMjAwMC9zdmciPjwvc3ZnPg==\" class=\"lazyload\" \/><\/p>\n<\/p>\n<h3 class=\"font-20\"><a href=\"https:\/\/www.agrolink.com.br\/noticias\/acesse-11-editais-de-compras-da-agricultura-familiar-em-santa-catarina_402648.html\" target=\"_blank\">ACESSE 11 EDITAIS DE COMPRAS DA AGRICULTURA EM SANTA CATARINA<\/a><\/h3>\n<\/p>\n<\/p>\n<p> <img decoding=\"async\" data-src=\"https:\/\/www.agrolink.com.br\/upload\/imagens-resizes\/3b3fed5594dd48d086194554ce55c6df_200x200.jpg\" alt=\"Blog image\" src=\"data:image\/svg+xml;base64,PHN2ZyB3aWR0aD0iMSIgaGVpZ2h0PSIxIiB4bWxucz0iaHR0cDovL3d3dy53My5vcmcvMjAwMC9zdmciPjwvc3ZnPg==\" class=\"lazyload\" \/><\/p>\n<\/p>\n<h3 class=\"font-20\"><a href=\"https:\/\/www.agrolink.com.br\/noticias\/queda-no-preco-da-carne-bovina-no-varejo_402620.html\" target=\"_blank\">QUEDA NO PRE\u00c7O DA CARNE BOVINA NO VAREJO<\/a><\/h3>\n<\/p>\n<\/p>\n<p> <img decoding=\"async\" data-src=\"https:\/\/www.agrolink.com.br\/upload\/imagens-resizes\/700ef3857dcc4a1a8d4b4f507f3f5ae4_200x200.jpg\" alt=\"Blog image\" src=\"data:image\/svg+xml;base64,PHN2ZyB3aWR0aD0iMSIgaGVpZ2h0PSIxIiB4bWxucz0iaHR0cDovL3d3dy53My5vcmcvMjAwMC9zdmciPjwvc3ZnPg==\" class=\"lazyload\" \/><\/p>\n<\/p>\n<h3 class=\"font-20\"><a href=\"https:\/\/www.agrolink.com.br\/noticias\/com-mais-chuvas--safra-de-graos-da-bahia-cresce-quase-50-_402613.html\" target=\"_blank\">COM MAIS CHUVAS, SAFRA DE GR\u00c2OS BAHIA CRESCE QUASE 50%<\/a><\/h3>\n<\/p>\n<\/p>\n<p><img decoding=\"async\" data-src=\"http:\/\/www.grupomodulo.com.br\/novo\/wp-content\/uploads\/2017\/12\/1-12.jpg\" alt=\"Blog image\" src=\"data:image\/svg+xml;base64,PHN2ZyB3aWR0aD0iMSIgaGVpZ2h0PSIxIiB4bWxucz0iaHR0cDovL3d3dy53My5vcmcvMjAwMC9zdmciPjwvc3ZnPg==\" class=\"lazyload\" style=\"--smush-placeholder-width: 370px; --smush-placeholder-aspect-ratio: 370\/262;\" \/><\/p>\n<h3 class=\"font-20\"><a href=\"empresas-de-itabuna-recebem-premiacao-na-alemanha\">EMPRESAS DE ITABUNA RECEBEM PREMIA\u00c7\u00c3O NA ALEMANHA<\/a><\/h3>\n<p><img decoding=\"async\" data-src=\"http:\/\/www.grupomodulo.com.br\/novo\/wp-content\/uploads\/2017\/12\/2-9.jpg\" alt=\"Blog image\" src=\"data:image\/svg+xml;base64,PHN2ZyB3aWR0aD0iMSIgaGVpZ2h0PSIxIiB4bWxucz0iaHR0cDovL3d3dy53My5vcmcvMjAwMC9zdmciPjwvc3ZnPg==\" class=\"lazyload\" style=\"--smush-placeholder-width: 370px; --smush-placeholder-aspect-ratio: 370\/262;\" \/><\/p>\n<h3 class=\"font-20\"><a href=\"pib-agropecuario-tera-crescimento-de-109-este-ano-preve-ipea\">PIB AGROPECU\u00c1RIO TER\u00c1 CRESCIMENTO DE 10,9% ESTE ANO PREV\u00ca IPEA<\/a><\/h3>\n<p><img decoding=\"async\" data-src=\"http:\/\/www.grupomodulo.com.br\/novo\/wp-content\/uploads\/2017\/12\/trigo_221354-1.jpg\" alt=\"Blog image\" src=\"data:image\/svg+xml;base64,PHN2ZyB3aWR0aD0iMSIgaGVpZ2h0PSIxIiB4bWxucz0iaHR0cDovL3d3dy53My5vcmcvMjAwMC9zdmciPjwvc3ZnPg==\" class=\"lazyload\" style=\"--smush-placeholder-width: 370px; --smush-placeholder-aspect-ratio: 370\/262;\" \/><\/p>\n<h3 class=\"font-20\"><a href=\"russia-vai-inundar-o-mundo-de-trigo\">R\u00daSSIA VAI INUNDAR O MUNDO DE TRIGO<\/a><\/h3>\n<p><img decoding=\"async\" data-src=\"http:\/\/www.grupomodulo.com.br\/novo\/wp-content\/uploads\/2017\/12\/sorgo-1-640x457-1.jpg\" alt=\"Blog image\" src=\"data:image\/svg+xml;base64,PHN2ZyB3aWR0aD0iMSIgaGVpZ2h0PSIxIiB4bWxucz0iaHR0cDovL3d3dy53My5vcmcvMjAwMC9zdmciPjwvc3ZnPg==\" class=\"lazyload\" style=\"--smush-placeholder-width: 370px; --smush-placeholder-aspect-ratio: 370\/262;\" \/><\/p>\n<h3 class=\"font-20\"><a href=\"sorgo-e-capaz-de-contribuir-para-o-controle-glicemico\">SORGO \u00c9 CAPAZ DE CONTRIBUIR PARA O CONTROLE GLIC\u00caMICO<\/a><\/h3>\n<p><img decoding=\"async\" data-src=\"http:\/\/www.grupomodulo.com.br\/novo\/wp-content\/uploads\/2017\/12\/portal_04041-1.png\" alt=\"Blog image\" src=\"data:image\/svg+xml;base64,PHN2ZyB3aWR0aD0iMSIgaGVpZ2h0PSIxIiB4bWxucz0iaHR0cDovL3d3dy53My5vcmcvMjAwMC9zdmciPjwvc3ZnPg==\" class=\"lazyload\" style=\"--smush-placeholder-width: 370px; --smush-placeholder-aspect-ratio: 370\/262;\" \/><\/p>\n<h3 class=\"font-20\"><a href=\"mitos-e-verdades-sobre-alimentos-integrais\">MITOS E VERDADES SOBRE ALIMENTOS INTEGRAIS<\/a><\/h3>\n<p><img decoding=\"async\" data-src=\"http:\/\/www.grupomodulo.com.br\/novo\/wp-content\/uploads\/2017\/12\/hamburguer-2.jpg\" alt=\"Blog image\" src=\"data:image\/svg+xml;base64,PHN2ZyB3aWR0aD0iMSIgaGVpZ2h0PSIxIiB4bWxucz0iaHR0cDovL3d3dy53My5vcmcvMjAwMC9zdmciPjwvc3ZnPg==\" class=\"lazyload\" style=\"--smush-placeholder-width: 370px; --smush-placeholder-aspect-ratio: 370\/262;\" \/><\/p>\n<h3 class=\"font-20\"><a href=\"cinco-chefs-se-reunem-em-disputa-pelo-melhor-blend-de-hamburguer-de-carne\">CINCO CHEFS SE RE\u00daNEM EM DISPUTA PELO MELHOR BLEND DE HAMB\u00daRGUER DE CARNE<\/a><\/h3>\n<p><img decoding=\"async\" data-src=\"http:\/\/www.grupomodulo.com.br\/novo\/wp-content\/uploads\/2017\/12\/noticias_1501274399-1.jpg\" alt=\"Blog image\" src=\"data:image\/svg+xml;base64,PHN2ZyB3aWR0aD0iMSIgaGVpZ2h0PSIxIiB4bWxucz0iaHR0cDovL3d3dy53My5vcmcvMjAwMC9zdmciPjwvc3ZnPg==\" class=\"lazyload\" style=\"--smush-placeholder-width: 370px; --smush-placeholder-aspect-ratio: 370\/262;\" \/><\/p>\n<h3 class=\"font-20\"><a href=\"cientistas-brasileiros-desenvolvem-rebanho-musculoso-com-10-a-mais-de-carne\">CIENTISTAS BRASILEIROS DESENVOLVEM REBANHO MUSCULOSO COM 10% A MAIS DE CARNE<\/a><\/h3>\n<p><img decoding=\"async\" data-src=\"http:\/\/www.grupomodulo.com.br\/novo\/wp-content\/uploads\/2017\/12\/billgatesagro-1.jpg\" alt=\"Blog image\" src=\"data:image\/svg+xml;base64,PHN2ZyB3aWR0aD0iMSIgaGVpZ2h0PSIxIiB4bWxucz0iaHR0cDovL3d3dy53My5vcmcvMjAwMC9zdmciPjwvc3ZnPg==\" class=\"lazyload\" style=\"--smush-placeholder-width: 370px; --smush-placeholder-aspect-ratio: 370\/262;\" \/><\/p>\n<h3 class=\"font-20\"><a href=\"bill-gates-e-mark-zuckerberg-os-novos-baroes-do-agronegocio\">BILL GATES E MARK ZUCKERBERG OS NOVOS BAR\u00d5ES DO AGRONEG\u00d3CIO?<\/a><\/h3>\n<p><!-- eec2fed9aa0ec78e7b9d44193128b603 --><\/div>\n","protected":false},"excerpt":{"rendered":"<p>Not\u00edcias Informativos Fique por dentro das \u00faltimas noticias ACESSE 11 EDITAIS DE COMPRAS DA AGRICULTURA EM SANTA CATARINA QUEDA NO PRE\u00c7O DA CARNE BOVINA NO VAREJO COM MAIS CHUVAS, SAFRA DE GR\u00c2OS BAHIA CRESCE QUASE 50% EMPRESAS DE ITABUNA RECEBEM PREMIA\u00c7\u00c3O NA ALEMANHA PIB AGROPECU\u00c1RIO TER\u00c1 CRESCIMENTO DE 10,9% ESTE ANO PREV\u00ca IPEA R\u00daSSIA VAI<a class=\"read-btn hvr-right more-link\" href=\"https:\/\/www.grupomodulo.com.br\/novo\/noticias\/\">Leia Mais<\/a><\/p>\n","protected":false},"author":1,"featured_media":0,"parent":0,"menu_order":0,"comment_status":"closed","ping_status":"closed","template":"","meta":{"footnotes":""},"class_list":["post-491","page","type-page","status-publish","hentry"],"_links":{"self":[{"href":"https:\/\/www.grupomodulo.com.br\/novo\/wp-json\/wp\/v2\/pages\/491","targetHints":{"allow":["GET"]}}],"collection":[{"href":"https:\/\/www.grupomodulo.com.br\/novo\/wp-json\/wp\/v2\/pages"}],"about":[{"href":"https:\/\/www.grupomodulo.com.br\/novo\/wp-json\/wp\/v2\/types\/page"}],"author":[{"embeddable":true,"href":"https:\/\/www.grupomodulo.com.br\/novo\/wp-json\/wp\/v2\/users\/1"}],"replies":[{"embeddable":true,"href":"https:\/\/www.grupomodulo.com.br\/novo\/wp-json\/wp\/v2\/comments?post=491"}],"version-history":[{"count":7,"href":"https:\/\/www.grupomodulo.com.br\/novo\/wp-json\/wp\/v2\/pages\/491\/revisions"}],"predecessor-version":[{"id":1147,"href":"https:\/\/www.grupomodulo.com.br\/novo\/wp-json\/wp\/v2\/pages\/491\/revisions\/1147"}],"wp:attachment":[{"href":"https:\/\/www.grupomodulo.com.br\/novo\/wp-json\/wp\/v2\/media?parent=491"}],"curies":[{"name":"wp","href":"https:\/\/api.w.org\/{rel}","templated":true}]}}