{"id":497,"date":"2017-12-06T10:58:49","date_gmt":"2017-12-06T12:58:49","guid":{"rendered":"http:\/\/www.grupomodulo.com.br\/novo\/?page_id=497"},"modified":"2017-12-19T16:05:34","modified_gmt":"2017-12-19T18:05:34","slug":"lancamentos","status":"publish","type":"page","link":"https:\/\/www.grupomodulo.com.br\/novo\/lancamentos\/","title":{"rendered":"Lan\u00e7amentos"},"content":{"rendered":"<div class=\"fw-page-builder-content\">\n<h1 class=\"font-36 weight-bold montserrat uppercase white-color mb-20\">Lan\u00e7amentos<\/h1>\n<h2 class=\"font-36 uppercase montserrat weight-bold mb-20\"> Lan\u00e7amentos <\/h2>\n<p class=\"font-16\"> Confira os \u00faltimos lan\u00e7amentos <\/p>\n<\/p>\n<\/p>\n<p> <img decoding=\"async\" data-src=\"http:\/\/www.grupomodulo.com.br\/novo\/wp-content\/uploads\/2017\/12\/5.png\" alt=\"Blog image\" src=\"data:image\/svg+xml;base64,PHN2ZyB3aWR0aD0iMSIgaGVpZ2h0PSIxIiB4bWxucz0iaHR0cDovL3d3dy53My5vcmcvMjAwMC9zdmciPjwvc3ZnPg==\" class=\"lazyload\" style=\"--smush-placeholder-width: 370px; --smush-placeholder-aspect-ratio: 370\/263;\" \/><\/p>\n<p> <a href=\"the-cnh-industrial-autonomous-tractor-concept-portugues\"><\/a> <\/p>\n<h3 class=\"font-20\"><a href=\"the-cnh-industrial-autonomous-tractor-concept-portugues\">THE CNH INDUSTRIAL AUTONOMOUS TRACTOR CONCEPT PORTUGUES<\/a><\/h3>\n<\/p>\n<\/p>\n<p> <img decoding=\"async\" data-src=\"http:\/\/www.grupomodulo.com.br\/novo\/wp-content\/uploads\/2017\/12\/index_02-1.jpg\" alt=\"Blog image\" src=\"data:image\/svg+xml;base64,PHN2ZyB3aWR0aD0iMSIgaGVpZ2h0PSIxIiB4bWxucz0iaHR0cDovL3d3dy53My5vcmcvMjAwMC9zdmciPjwvc3ZnPg==\" class=\"lazyload\" style=\"--smush-placeholder-width: 370px; --smush-placeholder-aspect-ratio: 370\/262;\" \/><\/p>\n<p> <a href=\"premerlin-e-lancamento-da-adama-com-parceira-da-modulo-rural\"><\/a> <\/p>\n<h3 class=\"font-20\"><a href=\"premerlin-e-lancamento-da-adama-com-parceira-da-modulo-rural\">PREMERLIN E LAN\u00c7AMENTO DA ADAMA COM PARCEIRA DA M\u00d3DULO RURAL<\/a><\/h3>\n<\/p>\n<\/p>\n<p> <img decoding=\"async\" data-src=\"http:\/\/www.grupomodulo.com.br\/novo\/wp-content\/uploads\/2017\/12\/CA.png\" alt=\"Blog image\" src=\"data:image\/svg+xml;base64,PHN2ZyB3aWR0aD0iMSIgaGVpZ2h0PSIxIiB4bWxucz0iaHR0cDovL3d3dy53My5vcmcvMjAwMC9zdmciPjwvc3ZnPg==\" class=\"lazyload\" style=\"--smush-placeholder-width: 370px; --smush-placeholder-aspect-ratio: 370\/261;\" \/><\/p>\n<p> <a href=\"o-sitio-de-antonio\"><\/a> <\/p>\n<h3 class=\"font-20\"><a href=\"o-sitio-de-antonio\">O SITIO DE ANTONIO<\/a><\/h3>\n<\/p>\n<\/p>\n<p> <img decoding=\"async\" data-src=\"http:\/\/www.grupomodulo.com.br\/novo\/wp-content\/uploads\/2017\/12\/trator_biometano__1_-553366-1.jpg\" alt=\"Blog image\" src=\"data:image\/svg+xml;base64,PHN2ZyB3aWR0aD0iMSIgaGVpZ2h0PSIxIiB4bWxucz0iaHR0cDovL3d3dy53My5vcmcvMjAwMC9zdmciPjwvc3ZnPg==\" class=\"lazyload\" style=\"--smush-placeholder-width: 370px; --smush-placeholder-aspect-ratio: 370\/262;\" \/><\/p>\n<p> <a href=\"primeiro-trator-movido-a-biometano-esta-na-expointer\"><\/a> <\/p>\n<h3 class=\"font-20\"><a href=\"primeiro-trator-movido-a-biometano-esta-na-expointer\">PRIMEIRO TRATOR MOVIDO A BIOMETANO EST\u00c1 NA EXPOINTER<\/a><\/h3>\n<\/p>\n<\/p>\n<p> <img decoding=\"async\" data-src=\"http:\/\/www.grupomodulo.com.br\/novo\/wp-content\/uploads\/2017\/12\/ADAMA.png\" alt=\"Blog image\" src=\"data:image\/svg+xml;base64,PHN2ZyB3aWR0aD0iMSIgaGVpZ2h0PSIxIiB4bWxucz0iaHR0cDovL3d3dy53My5vcmcvMjAwMC9zdmciPjwvc3ZnPg==\" class=\"lazyload\" style=\"--smush-placeholder-width: 370px; --smush-placeholder-aspect-ratio: 370\/260;\" \/><\/p>\n<p> <a href=\"adama-alvo\"><\/a> <\/p>\n<h3 class=\"font-20\"><a href=\"adama-alvo\">ADAMA ALVO<\/a><\/h3>\n<\/p>\n<\/p>\n<p> <img decoding=\"async\" data-src=\"http:\/\/www.grupomodulo.com.br\/novo\/wp-content\/uploads\/2017\/12\/email_01-1.jpg\" alt=\"Blog image\" src=\"data:image\/svg+xml;base64,PHN2ZyB3aWR0aD0iMSIgaGVpZ2h0PSIxIiB4bWxucz0iaHR0cDovL3d3dy53My5vcmcvMjAwMC9zdmciPjwvc3ZnPg==\" class=\"lazyload\" style=\"--smush-placeholder-width: 370px; --smush-placeholder-aspect-ratio: 370\/262;\" \/><\/p>\n<p> <a href=\"voraz-novo-produto-da-adama\"><\/a> <\/p>\n<h3 class=\"font-20\"><a href=\"voraz-novo-produto-da-adama\">VORAZ NOVO PRODUTO DA ADAMA<\/a><\/h3>\n<\/p>\n<\/p>\n<p> <img decoding=\"async\" data-src=\"http:\/\/www.grupomodulo.com.br\/novo\/wp-content\/uploads\/2017\/12\/00bovino_03-1.jpg\" alt=\"Blog image\" src=\"data:image\/svg+xml;base64,PHN2ZyB3aWR0aD0iMSIgaGVpZ2h0PSIxIiB4bWxucz0iaHR0cDovL3d3dy53My5vcmcvMjAwMC9zdmciPjwvc3ZnPg==\" class=\"lazyload\" style=\"--smush-placeholder-width: 370px; --smush-placeholder-aspect-ratio: 370\/262;\" \/><\/p>\n<p> <a href=\"seca-reduz-rebanho-bovino-na-bahia-itapetinga-teve-maior-queda\"><\/a> <\/p>\n<h3 class=\"font-20\"><a href=\"seca-reduz-rebanho-bovino-na-bahia-itapetinga-teve-maior-queda\">SECA REDUZ REBANHO BOVINO NA BAHIA; ITAPETINGA TEVE MAIOR QUEDA<\/a><\/h3>\n<\/p>\n<\/p>\n<p> <img decoding=\"async\" data-src=\"http:\/\/www.grupomodulo.com.br\/novo\/wp-content\/uploads\/2017\/12\/S2-2.jpg\" alt=\"Blog image\" src=\"data:image\/svg+xml;base64,PHN2ZyB3aWR0aD0iMSIgaGVpZ2h0PSIxIiB4bWxucz0iaHR0cDovL3d3dy53My5vcmcvMjAwMC9zdmciPjwvc3ZnPg==\" class=\"lazyload\" style=\"--smush-placeholder-width: 370px; --smush-placeholder-aspect-ratio: 370\/262;\" \/><\/p>\n<p> <a href=\"os-ultimos-lancamentos-da-stihl\"><\/a> <\/p>\n<h3 class=\"font-20\"><a href=\"os-ultimos-lancamentos-da-stihl\">OS \u00daLTIMOS LAN\u00c7AMENTOS DA STIHL<\/a><\/h3>\n<\/p>\n<\/p>\n<p> <img decoding=\"async\" data-src=\"http:\/\/www.grupomodulo.com.br\/novo\/wp-content\/uploads\/2017\/12\/ihara.jpg\" alt=\"Blog image\" src=\"data:image\/svg+xml;base64,PHN2ZyB3aWR0aD0iMSIgaGVpZ2h0PSIxIiB4bWxucz0iaHR0cDovL3d3dy53My5vcmcvMjAwMC9zdmciPjwvc3ZnPg==\" class=\"lazyload\" style=\"--smush-placeholder-width: 370px; --smush-placeholder-aspect-ratio: 370\/262;\" \/><\/p>\n<p> <a href=\"hara-leva-suas-tecnologias-ao-wintershow\"><\/a> <\/p>\n<h3 class=\"font-20\"><a href=\"hara-leva-suas-tecnologias-ao-wintershow\">HARA LEVA SUAS TECNOLOGIAS AO WINTERSHOW<\/a><\/h3>\n<\/p>\n<\/p>\n<p> <img decoding=\"async\" data-src=\"http:\/\/www.grupomodulo.com.br\/novo\/wp-content\/uploads\/2017\/12\/E1.jpg\" alt=\"Blog image\" src=\"data:image\/svg+xml;base64,PHN2ZyB3aWR0aD0iMSIgaGVpZ2h0PSIxIiB4bWxucz0iaHR0cDovL3d3dy53My5vcmcvMjAwMC9zdmciPjwvc3ZnPg==\" class=\"lazyload\" style=\"--smush-placeholder-width: 370px; --smush-placeholder-aspect-ratio: 370\/262;\" \/><\/p>\n<p> <a href=\"new-holland-apresenta-nova-linha-de-bicos-para-pulverizadores-e-novo-piloto-eletrico-na-agrishow\"><\/a> <\/p>\n<h3 class=\"font-20\"><a href=\"new-holland-apresenta-nova-linha-de-bicos-para-pulverizadores-e-novo-piloto-eletrico-na-agrishow\">NEW HOLLAND APRESENTA NOVA LINHA DE BICOS PARA PULVERIZADORES E NOVO PILOTO EL\u00c9TRICO NA AGRISHOW<\/a><\/h3>\n<\/p>\n<\/p>\n<\/p>\n<\/p>\n<p><!-- b594a7de067a458f69841e0dbde0215e --><\/div>\n","protected":false},"excerpt":{"rendered":"<p>Lan\u00e7amentos Lan\u00e7amentos Confira os \u00faltimos lan\u00e7amentos THE CNH INDUSTRIAL AUTONOMOUS TRACTOR CONCEPT PORTUGUES PREMERLIN E LAN\u00c7AMENTO DA ADAMA COM PARCEIRA DA M\u00d3DULO RURAL O SITIO DE ANTONIO PRIMEIRO TRATOR MOVIDO A BIOMETANO EST\u00c1 NA EXPOINTER ADAMA ALVO VORAZ NOVO PRODUTO DA ADAMA SECA REDUZ REBANHO BOVINO NA BAHIA; ITAPETINGA TEVE MAIOR QUEDA OS \u00daLTIMOS LAN\u00c7AMENTOS<a class=\"read-btn hvr-right more-link\" href=\"https:\/\/www.grupomodulo.com.br\/novo\/lancamentos\/\">Leia Mais<\/a><\/p>\n","protected":false},"author":1,"featured_media":0,"parent":0,"menu_order":0,"comment_status":"closed","ping_status":"closed","template":"","meta":{"footnotes":""},"class_list":["post-497","page","type-page","status-publish","hentry"],"_links":{"self":[{"href":"https:\/\/www.grupomodulo.com.br\/novo\/wp-json\/wp\/v2\/pages\/497","targetHints":{"allow":["GET"]}}],"collection":[{"href":"https:\/\/www.grupomodulo.com.br\/novo\/wp-json\/wp\/v2\/pages"}],"about":[{"href":"https:\/\/www.grupomodulo.com.br\/novo\/wp-json\/wp\/v2\/types\/page"}],"author":[{"embeddable":true,"href":"https:\/\/www.grupomodulo.com.br\/novo\/wp-json\/wp\/v2\/users\/1"}],"replies":[{"embeddable":true,"href":"https:\/\/www.grupomodulo.com.br\/novo\/wp-json\/wp\/v2\/comments?post=497"}],"version-history":[{"count":5,"href":"https:\/\/www.grupomodulo.com.br\/novo\/wp-json\/wp\/v2\/pages\/497\/revisions"}],"predecessor-version":[{"id":1120,"href":"https:\/\/www.grupomodulo.com.br\/novo\/wp-json\/wp\/v2\/pages\/497\/revisions\/1120"}],"wp:attachment":[{"href":"https:\/\/www.grupomodulo.com.br\/novo\/wp-json\/wp\/v2\/media?parent=497"}],"curies":[{"name":"wp","href":"https:\/\/api.w.org\/{rel}","templated":true}]}}