{"id":506,"date":"2017-12-06T11:02:10","date_gmt":"2017-12-06T13:02:10","guid":{"rendered":"http:\/\/www.grupomodulo.com.br\/novo\/?page_id=506"},"modified":"2018-09-17T14:54:43","modified_gmt":"2018-09-17T17:54:43","slug":"videos","status":"publish","type":"page","link":"https:\/\/www.grupomodulo.com.br\/novo\/videos\/","title":{"rendered":"V\u00eddeos"},"content":{"rendered":"<div class=\"fw-page-builder-content\">\n<h1 class=\"font-36 weight-bold montserrat uppercase white-color mb-20\">V\u00eddeos<\/h1>\n<h2 class=\"font-36 uppercase montserrat weight-bold mb-20\">\n Confira alguns v\u00eddeos <\/h2>\n<h4 style=\"font-size: 6 !important;\">FUSARIOSE NA PIMENTA DO REINO<\/h4>\n<p><h4 style=\"font-size: 6 !important;\">ADJUVANTES AGR\u00cdCOLAS<\/h4>\n<\/p>\n<h4 style=\"font-size: 6 !important;\">S\u00c9RIE DE V\u00cdDEOS T\u00c9CNICOS DA M\u00d3DULO RURAL<\/h4>\n<\/p>\n<h4 style=\"font-size: 6 !important;\">TRATORES PEQUENOS S\u00c3O OS MAIS VENDIDOS NO PAIS<\/h4>\n<\/p>\n<h4 style=\"font-size: 6 !important;\">STIHL \u00c9 HORA DE FAZER<\/h4>\n<\/p>\n<h4 style=\"font-size: 6 !important;\">POR DENTRO DA LINHA VISITE A F\u00c1BRICA DA NEW HOLLAND<\/h4>\n<\/p>\n<h4 style=\"font-size: 6 !important;\">STIHL MS 880 150CM VS BIG OAK LOG<\/h4>\n<\/p>\n<h4 style=\"font-size: 6 !important;\">REFLETINDO OS VALORES DA EMPRESA NO FEEDBACK EPIS\u00d3DIO 3<\/h4>\n<\/p>\n<h4 style=\"font-size: 6 !important;\">6 DICAS ESSENCIAIS DE COMO DAR FEEDBACK EPIS\u00d3DIO 2<\/h4>\n<\/p>\n<h4 style=\"font-size: 6 !important;\">A CI\u00caNCIA DO CARISMA HENI OZI CUKIER<\/h4>\n<\/p>\n<h4 style=\"font-size: 6 !important;\">SIM CAF\u00c9 ADAMA<\/h4>\n<\/p>\n<h4 style=\"font-size: 6 !important;\">INSTITUCIONAL ADAMA 2017<\/h4>\n<\/p>\n<h4 style=\"font-size: 6 !important;\">ADAMA BOOK<\/h4>\n<\/p>\n<h4 style=\"font-size: 6 !important;\">DIA NACIONAL DO CAMPO LIMPO<\/h4>\n<\/p>\n<h4 style=\"font-size: 6 !important;\">A HORA DO AGRONEG\u00d3CIO JP<\/h4>\n<\/p>\n<h4 style=\"font-size: 6 !important;\">REGISTRO BIOPOTENTE GOI\u00c1S<\/h4>\n<\/p>\n<h4 style=\"font-size: 6 !important;\">REGISTRO BIOPOTENTE<\/h4>\n<\/p>\n<h4 style=\"font-size: 6 !important;\">VT APRESENTA\u00c7\u00c3O EXPOITA 2017<\/h4>\n<\/p>\n<h4 style=\"font-size: 6 !important;\">COLOCA\u00c7\u00c3O DE PL\u00c1STICO NA LINHA DO PLANTIO DE CAF\u00c9<\/h4>\n<\/p>\n<h4 style=\"font-size: 6 !important;\">A HIST\u00d3RIA DE ANDREI WEBER \u2013 NOVA GERA\u00c7\u00c3O NO CAMPO<\/h4>\n<\/p>\n<h4 style=\"font-size: 6 !important;\">#CONTACOMIGOBRASIL MANIFESTO<\/h4>\n<\/p>\n<h4 style=\"font-size: 6 !important;\">MINUTO AGRICULTURA \u2013 PERCEVEJOS<\/h4>\n<\/p>\n<h4 style=\"font-size: 6 !important;\">MINUTO AGRICULTURA \u2013 MANEJO DE PLANTAS DANINHAS NO TRIGO<\/h4>\n<\/p>\n<h4 style=\"font-size: 6 !important;\">CONTROLAR TEMPO \u00c9 CHATO, PERDER DINHEIRO \u00c9 MUITO MAIS EPIS\u00d3DIO 1<\/h4>\n<\/p>\n<h4 style=\"font-size: 6 !important;\">COMO APRENDER A ESCUTAR O OUTRO? | CHRISTIAN DUNKER<\/h4>\n<\/p>\n<h4 style=\"font-size: 6 !important;\">A M\u00d3DULO RURAL NA EXPOSI\u00c7\u00c3O DE ITABUNA 2017<\/h4>\n<\/p>\n<h4 style=\"font-size: 6 !important;\">NEW HOLLAND TRATOR T9<\/h4>\n<\/p>\n<h4 style=\"font-size: 6 !important;\">O ATENDIMENTO AO CLIENTE<\/h4>\n<\/p>\n<h4 style=\"font-size: 6 !important;\">ADAMA CHINA WE ARE READY<\/h4>\n<\/p>\n<h4 style=\"font-size: 6 !important;\">NARCISISMO E A CULTURA DA INDIFEREN\u00c7A<\/h4>\n<\/p>\n<h4 style=\"font-size: 6 !important;\">MINUTO RH INVESTIR NA CARREIRA<\/h4>\n<\/p>\n<h4 style=\"font-size: 6 !important;\">CRONNOS ADAMA<\/h4>\n<\/p>\n<h4 style=\"font-size: 6 !important;\">BAHIA FARM SHOW 2017<\/h4>\n<\/p>\n<h4 style=\"font-size: 6 !important;\">O TRATOR TT FRUTEIRO NA REGI\u00c3O DE CAXIAS DO SUL\/RS<\/h4>\n<\/p>\n<h4 style=\"font-size: 6 !important;\">O QUE NOS FAZ FELIZES PEDRO CALABREZ<\/h4>\n<\/p>\n<h4 style=\"font-size: 6 !important;\">EMPREENDEDOR \u201cSE O NEG\u00d3CIO QUEBRA, COME\u00c7A DE NOVO\u201d<\/h4>\n<\/p>\n<h4 style=\"font-size: 6 !important;\">CONHE\u00c7A OS SERVI\u00c7OS DE SEGURO QUE O BANCO CNH INDUSTRIAL<\/h4>\n<\/p>\n<h4 style=\"font-size: 6 !important;\">&#8220;PENSAR EM DESISTIR, SE DISSER QUE N\u00c3O PENSA, \u00c9 MENTIRA&#8221;<\/h4>\n<\/p>\n<h4 style=\"font-size: 6 !important;\">COMO AFIAR CORRENTE 1\/4 COM GABARITO STIHL?<\/h4>\n<\/p>\n<h4 style=\"font-size: 6 !important;\">A FERRAMENTA DE DIAGN\u00d3STICO AVAN\u00c7ADO FOI APRESENTADA NA COOP<\/h4>\n<\/p>\n<h4 style=\"font-size: 6 !important;\">TESTE COM O TRATOR T6 140 MOVIDO A BIOMETANO<\/h4>\n<\/p>\n<h4 style=\"font-size: 6 !important;\">MINUTO RH MEDO<\/h4>\n<\/p>\n<h4 style=\"font-size: 6 !important;\">EMPREENDEDOR A CORAGEM DE ADMITIR A QUEDA E SE REERGUER<\/h4>\n<\/p>\n<h4 style=\"font-size: 6 !important;\">II WORKSHOP MECANIZA\u00c7\u00c3O DA LAVOURA CACAUEIRA<\/h4>\n<\/p>\n<h4 style=\"font-size: 6 !important;\">REPORTAGEM GLOBO REP\u00d3RTER SOBRE O SUPERALIMENTO CACAU CRU<\/h4>\n<\/p>\n<h4 style=\"font-size: 6 !important;\">DIA MUNDIAL DA AGRICULTURA 2017<\/h4>\n<\/p>\n<h4 style=\"font-size: 6 !important;\">CONTE SUA HIST\u00d3RIA STIHL MOTOSSERRA DE FAM\u00cdLIA VANIA BENE<\/h4>\n<\/p>\n<h4 style=\"font-size: 6 !important;\">MECANIZA\u00c7\u00c3O DA LAVOURA DE CACAU<\/h4>\n<\/p>\n<h4 style=\"font-size: 6 !important;\">ANTI WASTE MOVEMENT | DOW AGROSCIENCES (ENGLISH VERSION)<\/h4>\n<\/p>\n<h4 style=\"font-size: 6 !important;\">COM ADAMA HF VOC\u00ca TEM TODAS AS INFORMA\u00c7\u00d5ES NA PALMA DA SUA M\u00c3O<\/h4>\n<\/p>\n<h4 style=\"font-size: 6 !important;\">BIOPOTENTES FARROUPILHA<\/h4>\n<\/p>\n<h4 style=\"font-size: 6 !important;\">ASSOCIA\u00c7\u00c3O COMERCIAL DE ITABUNA PROMOVE REUNI\u00c3O COM O TEMA CACAU<\/h4>\n<\/p>\n<h4 style=\"font-size: 6 !important;\">A M\u00d3DULO RURAL ANTENADA COM A CRESCENTE DEMANDA MUNDIAL POR PRODUTOS ORG\u00c2NICOS<\/h4>\n<\/p>\n<p><!-- 0b10d6c0fde69f28f9e484017abff9e9 --><\/div>\n","protected":false},"excerpt":{"rendered":"<p>V\u00eddeos Confira alguns v\u00eddeos FUSARIOSE NA PIMENTA DO REINO ADJUVANTES AGR\u00cdCOLAS S\u00c9RIE DE V\u00cdDEOS T\u00c9CNICOS DA M\u00d3DULO RURAL TRATORES PEQUENOS S\u00c3O OS MAIS VENDIDOS NO PAIS STIHL \u00c9 HORA DE FAZER POR DENTRO DA LINHA VISITE A F\u00c1BRICA DA NEW HOLLAND STIHL MS 880 150CM VS BIG OAK LOG REFLETINDO OS VALORES DA EMPRESA NO<a class=\"read-btn hvr-right more-link\" href=\"https:\/\/www.grupomodulo.com.br\/novo\/videos\/\">Leia Mais<\/a><\/p>\n","protected":false},"author":1,"featured_media":0,"parent":0,"menu_order":0,"comment_status":"closed","ping_status":"closed","template":"","meta":{"footnotes":""},"class_list":["post-506","page","type-page","status-publish","hentry"],"_links":{"self":[{"href":"https:\/\/www.grupomodulo.com.br\/novo\/wp-json\/wp\/v2\/pages\/506","targetHints":{"allow":["GET"]}}],"collection":[{"href":"https:\/\/www.grupomodulo.com.br\/novo\/wp-json\/wp\/v2\/pages"}],"about":[{"href":"https:\/\/www.grupomodulo.com.br\/novo\/wp-json\/wp\/v2\/types\/page"}],"author":[{"embeddable":true,"href":"https:\/\/www.grupomodulo.com.br\/novo\/wp-json\/wp\/v2\/users\/1"}],"replies":[{"embeddable":true,"href":"https:\/\/www.grupomodulo.com.br\/novo\/wp-json\/wp\/v2\/comments?post=506"}],"version-history":[{"count":6,"href":"https:\/\/www.grupomodulo.com.br\/novo\/wp-json\/wp\/v2\/pages\/506\/revisions"}],"predecessor-version":[{"id":1173,"href":"https:\/\/www.grupomodulo.com.br\/novo\/wp-json\/wp\/v2\/pages\/506\/revisions\/1173"}],"wp:attachment":[{"href":"https:\/\/www.grupomodulo.com.br\/novo\/wp-json\/wp\/v2\/media?parent=506"}],"curies":[{"name":"wp","href":"https:\/\/api.w.org\/{rel}","templated":true}]}}