{"id":825,"date":"2017-12-11T13:34:26","date_gmt":"2017-12-11T15:34:26","guid":{"rendered":"http:\/\/www.grupomodulo.com.br\/novo\/?page_id=825"},"modified":"2017-12-19T15:21:41","modified_gmt":"2017-12-19T17:21:41","slug":"participamos","status":"publish","type":"page","link":"https:\/\/www.grupomodulo.com.br\/novo\/participamos\/","title":{"rendered":"Participamos"},"content":{"rendered":"<div class=\"fw-page-builder-content\">\n<h1 class=\"font-36 weight-bold montserrat uppercase white-color mb-20\">Participamos<\/h1>\n<h2 class=\"font-36 uppercase montserrat weight-bold mb-20\"> ENVENTOS QUE PARTICIPAMOS <\/h2>\n<p class=\"font-16\"> Conhe\u00e7a um pouco dos eventos em que o Grupo M\u00f3dulo marcou presen\u00e7a <\/p>\n<\/p>\n<\/p>\n<p> <img decoding=\"async\" data-src=\"http:\/\/www.grupomodulo.com.br\/novo\/wp-content\/uploads\/2017\/12\/1-14.jpg\" alt=\"Blog image\" src=\"data:image\/svg+xml;base64,PHN2ZyB3aWR0aD0iMSIgaGVpZ2h0PSIxIiB4bWxucz0iaHR0cDovL3d3dy53My5vcmcvMjAwMC9zdmciPjwvc3ZnPg==\" class=\"lazyload\" style=\"--smush-placeholder-width: 370px; --smush-placeholder-aspect-ratio: 370\/262;\" \/><\/p>\n<p> <a href=\"pre-lancamento-de-um-novo-produto-dow-pastagens-com-tecnologia-xt\"><\/a> <\/p>\n<h3 class=\"font-20\"><a href=\"pre-lancamento-de-um-novo-produto-dow-pastagens-com-tecnologia-xt\">PR\u00c9 LAN\u00c7AMENTO DE UM NOVO PRODUTO DOW PASTAGENS COM TECNOLOGIA XT<\/a><\/h3>\n<\/p>\n<\/p>\n<p> <img decoding=\"async\" data-src=\"http:\/\/www.grupomodulo.com.br\/novo\/wp-content\/uploads\/2017\/12\/3-1.jpeg\" alt=\"Blog image\" src=\"data:image\/svg+xml;base64,PHN2ZyB3aWR0aD0iMSIgaGVpZ2h0PSIxIiB4bWxucz0iaHR0cDovL3d3dy53My5vcmcvMjAwMC9zdmciPjwvc3ZnPg==\" class=\"lazyload\" style=\"--smush-placeholder-width: 370px; --smush-placeholder-aspect-ratio: 370\/262;\" \/><\/p>\n<p> <a href=\"grupo-modulo-presente-na-expor-gandu-2017\"><\/a> <\/p>\n<h3 class=\"font-20\"><a href=\"grupo-modulo-presente-na-expor-gandu-2017\">GRUPO M\u00d3DULO PRESENTE NA EXPOR GAND\u00da 2017<\/a><\/h3>\n<\/p>\n<\/p>\n<p> <img decoding=\"async\" data-src=\"http:\/\/www.grupomodulo.com.br\/novo\/wp-content\/uploads\/2017\/12\/4-2.jpeg\" alt=\"Blog image\" src=\"data:image\/svg+xml;base64,PHN2ZyB3aWR0aD0iMSIgaGVpZ2h0PSIxIiB4bWxucz0iaHR0cDovL3d3dy53My5vcmcvMjAwMC9zdmciPjwvc3ZnPg==\" class=\"lazyload\" style=\"--smush-placeholder-width: 370px; --smush-placeholder-aspect-ratio: 370\/262;\" \/><\/p>\n<p> <a href=\"vejam-como-esta-lindo-o-nosso-stand-na-expoita\"><\/a> <\/p>\n<h3 class=\"font-20\"><a href=\"vejam-como-esta-lindo-o-nosso-stand-na-expoita\">VEJAM COMO EST\u00c1 LINDO O NOSSO STAND NA EXPOITA!<\/a><\/h3>\n<\/p>\n<\/p>\n<p> <img decoding=\"async\" data-src=\"http:\/\/www.grupomodulo.com.br\/novo\/wp-content\/uploads\/2017\/12\/WhatsApp_Image_2017-08-04_at_16.47.08-1.jpeg\" alt=\"Blog image\" src=\"data:image\/svg+xml;base64,PHN2ZyB3aWR0aD0iMSIgaGVpZ2h0PSIxIiB4bWxucz0iaHR0cDovL3d3dy53My5vcmcvMjAwMC9zdmciPjwvc3ZnPg==\" class=\"lazyload\" style=\"--smush-placeholder-width: 370px; --smush-placeholder-aspect-ratio: 370\/262;\" \/><\/p>\n<p> <a href=\"a-modulo-rural-convida-para-a-1a-feira-do-morango\"><\/a> <\/p>\n<h3 class=\"font-20\"><a href=\"a-modulo-rural-convida-para-a-1a-feira-do-morango\">A M\u00d3DULO RURAL CONVIDA PARA A 1A. FEIRA DO MORANGO<\/a><\/h3>\n<\/p>\n<\/p>\n<p> <img decoding=\"async\" data-src=\"http:\/\/www.grupomodulo.com.br\/novo\/wp-content\/uploads\/2017\/12\/WhatsApp_Image_2017-08-04_at_16.47.01-1.jpeg\" alt=\"Blog image\" src=\"data:image\/svg+xml;base64,PHN2ZyB3aWR0aD0iMSIgaGVpZ2h0PSIxIiB4bWxucz0iaHR0cDovL3d3dy53My5vcmcvMjAwMC9zdmciPjwvc3ZnPg==\" class=\"lazyload\" style=\"--smush-placeholder-width: 370px; --smush-placeholder-aspect-ratio: 370\/262;\" \/><\/p>\n<p> <a href=\"fotos-do-stand-da-modulo-rural-na-feira-do-cafe\"><\/a> <\/p>\n<h3 class=\"font-20\"><a href=\"fotos-do-stand-da-modulo-rural-na-feira-do-cafe\">FOTOS DO STAND DA M\u00d3DULO RURAL NA FEIRA DO CAF\u00c9<\/a><\/h3>\n<\/p>\n<\/p>\n<p> <img decoding=\"async\" data-src=\"http:\/\/www.grupomodulo.com.br\/novo\/wp-content\/uploads\/2017\/12\/WhatsApp_Image_2017-07-20_at_10.05.431-1.jpeg\" alt=\"Blog image\" src=\"data:image\/svg+xml;base64,PHN2ZyB3aWR0aD0iMSIgaGVpZ2h0PSIxIiB4bWxucz0iaHR0cDovL3d3dy53My5vcmcvMjAwMC9zdmciPjwvc3ZnPg==\" class=\"lazyload\" style=\"--smush-placeholder-width: 370px; --smush-placeholder-aspect-ratio: 370\/262;\" \/><\/p>\n<p> <a href=\"a-paso-ita-e-a-modulo-rural-marcaram-presenca-no-leilao-da-eao\"><\/a> <\/p>\n<h3 class=\"font-20\"><a href=\"a-paso-ita-e-a-modulo-rural-marcaram-presenca-no-leilao-da-eao\">A PASO ITA E A M\u00d3DULO RURAL MARCARAM PRESEN\u00c7A NO LEIL\u00c3O DA EAO<\/a><\/h3>\n<\/p>\n<\/p>\n<p> <img decoding=\"async\" data-src=\"http:\/\/www.grupomodulo.com.br\/novo\/wp-content\/uploads\/2017\/12\/10-2.jpeg\" alt=\"Blog image\" src=\"data:image\/svg+xml;base64,PHN2ZyB3aWR0aD0iMSIgaGVpZ2h0PSIxIiB4bWxucz0iaHR0cDovL3d3dy53My5vcmcvMjAwMC9zdmciPjwvc3ZnPg==\" class=\"lazyload\" style=\"--smush-placeholder-width: 370px; --smush-placeholder-aspect-ratio: 370\/262;\" \/><\/p>\n<p> <a href=\"3o-dia-de-campo-da-fazenda-experimental-do-ccaab\"><\/a> <\/p>\n<h3 class=\"font-20\"><a href=\"3o-dia-de-campo-da-fazenda-experimental-do-ccaab\">3\u00ba DIA DE CAMPO DA FAZENDA EXPERIMENTAL DO CCAAB<\/a><\/h3>\n<\/p>\n<\/p>\n<p> <img decoding=\"async\" data-src=\"http:\/\/www.grupomodulo.com.br\/novo\/wp-content\/uploads\/2017\/12\/01-1.jpeg\" alt=\"Blog image\" src=\"data:image\/svg+xml;base64,PHN2ZyB3aWR0aD0iMSIgaGVpZ2h0PSIxIiB4bWxucz0iaHR0cDovL3d3dy53My5vcmcvMjAwMC9zdmciPjwvc3ZnPg==\" class=\"lazyload\" style=\"--smush-placeholder-width: 370px; --smush-placeholder-aspect-ratio: 370\/262;\" \/><\/p>\n<p> <a href=\"curso-de-uso-correto-e-seguro-de-defensivos-agricolas-na-aurantiaca\"><\/a> <\/p>\n<h3 class=\"font-20\"><a href=\"curso-de-uso-correto-e-seguro-de-defensivos-agricolas-na-aurantiaca\">CURSO DE USO CORRETO E SEGURO DE DEFENSIVOS AGR\u00cdCOLAS NA AURANTIACA<\/a><\/h3>\n<\/p>\n<\/p>\n<p> <img decoding=\"async\" data-src=\"http:\/\/www.grupomodulo.com.br\/novo\/wp-content\/uploads\/2017\/12\/20170601_134735-1.jpg\" alt=\"Blog image\" src=\"data:image\/svg+xml;base64,PHN2ZyB3aWR0aD0iMSIgaGVpZ2h0PSIxIiB4bWxucz0iaHR0cDovL3d3dy53My5vcmcvMjAwMC9zdmciPjwvc3ZnPg==\" class=\"lazyload\" style=\"--smush-placeholder-width: 370px; --smush-placeholder-aspect-ratio: 370\/262;\" \/><\/p>\n<p> <a href=\"a-modulo-tratores-e-a-new-holland-na-bahia-farm-show\"><\/a> <\/p>\n<h3 class=\"font-20\"><a href=\"a-modulo-tratores-e-a-new-holland-na-bahia-farm-show\">A M\u00d3DULO TRATORES E A NEW HOLLAND NA BAHIA FARM SHOW<\/a><\/h3>\n<\/p>\n<\/p>\n<p> <img decoding=\"async\" data-src=\"http:\/\/www.grupomodulo.com.br\/novo\/wp-content\/uploads\/2017\/12\/IMG_0077-1.jpg\" alt=\"Blog image\" src=\"data:image\/svg+xml;base64,PHN2ZyB3aWR0aD0iMSIgaGVpZ2h0PSIxIiB4bWxucz0iaHR0cDovL3d3dy53My5vcmcvMjAwMC9zdmciPjwvc3ZnPg==\" class=\"lazyload\" style=\"--smush-placeholder-width: 370px; --smush-placeholder-aspect-ratio: 370\/262;\" \/><\/p>\n<p> <a href=\"new-holland-em-parceria-com-a-modulo-tratores\"><\/a> <\/p>\n<h3 class=\"font-20\"><a href=\"new-holland-em-parceria-com-a-modulo-tratores\">NEW HOLLAND EM PARCERIA COM A M\u00d3DULO TRATORES<\/a><\/h3>\n<\/p>\n<\/p>\n<\/p>\n<\/p>\n<p><!-- ef69e54f64d4a8223d58b4ea2c2c91fd --><\/div>\n","protected":false},"excerpt":{"rendered":"<p>Participamos ENVENTOS QUE PARTICIPAMOS Conhe\u00e7a um pouco dos eventos em que o Grupo M\u00f3dulo marcou presen\u00e7a PR\u00c9 LAN\u00c7AMENTO DE UM NOVO PRODUTO DOW PASTAGENS COM TECNOLOGIA XT GRUPO M\u00d3DULO PRESENTE NA EXPOR GAND\u00da 2017 VEJAM COMO EST\u00c1 LINDO O NOSSO STAND NA EXPOITA! A M\u00d3DULO RURAL CONVIDA PARA A 1A. FEIRA DO MORANGO FOTOS DO<a class=\"read-btn hvr-right more-link\" href=\"https:\/\/www.grupomodulo.com.br\/novo\/participamos\/\">Leia Mais<\/a><\/p>\n","protected":false},"author":1,"featured_media":0,"parent":0,"menu_order":0,"comment_status":"closed","ping_status":"closed","template":"","meta":{"footnotes":""},"class_list":["post-825","page","type-page","status-publish","hentry"],"_links":{"self":[{"href":"https:\/\/www.grupomodulo.com.br\/novo\/wp-json\/wp\/v2\/pages\/825","targetHints":{"allow":["GET"]}}],"collection":[{"href":"https:\/\/www.grupomodulo.com.br\/novo\/wp-json\/wp\/v2\/pages"}],"about":[{"href":"https:\/\/www.grupomodulo.com.br\/novo\/wp-json\/wp\/v2\/types\/page"}],"author":[{"embeddable":true,"href":"https:\/\/www.grupomodulo.com.br\/novo\/wp-json\/wp\/v2\/users\/1"}],"replies":[{"embeddable":true,"href":"https:\/\/www.grupomodulo.com.br\/novo\/wp-json\/wp\/v2\/comments?post=825"}],"version-history":[{"count":6,"href":"https:\/\/www.grupomodulo.com.br\/novo\/wp-json\/wp\/v2\/pages\/825\/revisions"}],"predecessor-version":[{"id":1114,"href":"https:\/\/www.grupomodulo.com.br\/novo\/wp-json\/wp\/v2\/pages\/825\/revisions\/1114"}],"wp:attachment":[{"href":"https:\/\/www.grupomodulo.com.br\/novo\/wp-json\/wp\/v2\/media?parent=825"}],"curies":[{"name":"wp","href":"https:\/\/api.w.org\/{rel}","templated":true}]}}